{"id":28094,"date":"2022-03-22T05:48:26","date_gmt":"2022-03-22T12:48:26","guid":{"rendered":"https:\/\/www.abortionpillsinprivate.com\/about-us\/"},"modified":"2026-04-05T22:51:35","modified_gmt":"2026-04-06T05:51:35","slug":"quienes-somos","status":"publish","type":"page","link":"https:\/\/www.abortionpillsinprivate.com\/es\/quienes-somos\/","title":{"rendered":"Qui\u00e9nes somos"},"content":{"rendered":"\t\t<div data-elementor-type=\"wp-page\" data-elementor-id=\"28094\" class=\"elementor elementor-28094\">\n\t\t\t\t\t\t<section class=\"elementor-section elementor-top-section elementor-element elementor-element-199db4c0 elementor-section-boxed elementor-section-height-default elementor-section-height-default\" data-id=\"199db4c0\" data-element_type=\"section\" data-e-type=\"section\">\n\t\t\t\t\t\t<div class=\"elementor-container elementor-column-gap-default\">\n\t\t\t\t\t<div class=\"elementor-column elementor-col-50 elementor-top-column elementor-element elementor-element-4128dc24\" data-id=\"4128dc24\" data-element_type=\"column\" data-e-type=\"column\">\n\t\t\t<div class=\"elementor-widget-wrap elementor-element-populated\">\n\t\t\t\t\t\t<div class=\"elementor-element elementor-element-642b637c elementor-widget elementor-widget-heading\" data-id=\"642b637c\" data-element_type=\"widget\" data-e-type=\"widget\" data-widget_type=\"heading.default\">\n\t\t\t\t<div class=\"elementor-widget-container\">\n\t\t\t\t\t<h1 class=\"elementor-heading-title elementor-size-default\">Qui\u00e9nes Somos \u2013 Proveedor Confiable de Pastillas Abortivas<\/h1>\t\t\t\t<\/div>\n\t\t\t\t<\/div>\n\t\t\t\t<div class=\"elementor-element elementor-element-66838f4f elementor-widget elementor-widget-text-editor\" data-id=\"66838f4f\" data-element_type=\"widget\" data-e-type=\"widget\" data-widget_type=\"text-editor.default\">\n\t\t\t\t<div class=\"elementor-widget-container\">\n\t\t\t\t\t\t\t\t\t<p>Bienvenida a \u00abAbortion Pills In Private\u00bb, donde la atenci\u00f3n compasiva se encuentra con la conveniencia para las mujeres elegibles y personas que pueden quedar embarazadas. Proporcionamos una soluci\u00f3n segura y empoderadora que respeta tu privacidad y derechos reproductivos a trav\u00e9s de nuestra plataforma en l\u00ednea.<\/p>\t\t\t\t\t\t\t\t<\/div>\n\t\t\t\t<\/div>\n\t\t\t\t<div class=\"elementor-element elementor-element-6581652f elementor-widget elementor-widget-button\" data-id=\"6581652f\" data-element_type=\"widget\" data-e-type=\"widget\" data-widget_type=\"button.default\">\n\t\t\t\t<div class=\"elementor-widget-container\">\n\t\t\t\t\t\t\t\t\t<div class=\"elementor-button-wrapper\">\n\t\t\t\t\t<a class=\"elementor-button elementor-button-link elementor-size-xs\" href=\"https:\/\/www.abortionpillsinprivate.com\/es\/order-online\/\">\n\t\t\t\t\t\t<span class=\"elementor-button-content-wrapper\">\n\t\t\t\t\t\t<span class=\"elementor-button-icon\">\n\t\t\t\t<i aria-hidden=\"true\" class=\"fas fa-arrow-right\"><\/i>\t\t\t<\/span>\n\t\t\t\t\t\t\t\t\t<span class=\"elementor-button-text\">Comencemos!<\/span>\n\t\t\t\t\t<\/span>\n\t\t\t\t\t<\/a>\n\t\t\t\t<\/div>\n\t\t\t\t\t\t\t\t<\/div>\n\t\t\t\t<\/div>\n\t\t\t\t\t<\/div>\n\t\t<\/div>\n\t\t\t\t<div class=\"elementor-column elementor-col-50 elementor-top-column elementor-element elementor-element-4851699f\" data-id=\"4851699f\" data-element_type=\"column\" data-e-type=\"column\">\n\t\t\t<div class=\"elementor-widget-wrap elementor-element-populated\">\n\t\t\t\t\t\t<div class=\"elementor-element elementor-element-1edc4cfd elementor-widget elementor-widget-image\" data-id=\"1edc4cfd\" data-element_type=\"widget\" data-e-type=\"widget\" data-widget_type=\"image.default\">\n\t\t\t\t<div class=\"elementor-widget-container\">\n\t\t\t\t\t\t\t\t\t\t\t\t\t\t\t<img fetchpriority=\"high\" decoding=\"async\" width=\"423\" height=\"182\" src=\"https:\/\/www.abortionpillsinprivate.com\/wp-content\/uploads\/2023\/08\/Group-27.png\" class=\"attachment-full size-full wp-image-22697\" alt=\"\" srcset=\"https:\/\/www.abortionpillsinprivate.com\/wp-content\/uploads\/2023\/08\/Group-27.png 423w, https:\/\/www.abortionpillsinprivate.com\/wp-content\/uploads\/2023\/08\/Group-27-300x129.png 300w\" sizes=\"(max-width: 423px) 100vw, 423px\" \/>\t\t\t\t\t\t\t\t\t\t\t\t\t\t\t<\/div>\n\t\t\t\t<\/div>\n\t\t\t\t\t<\/div>\n\t\t<\/div>\n\t\t\t\t\t<\/div>\n\t\t<\/section>\n\t\t\t\t<section class=\"dl-paralax-section elementor-section elementor-top-section elementor-element elementor-element-5c56884 elementor-section-boxed elementor-section-height-default elementor-section-height-default\" data-dl_parallax=\"[{&quot;_id&quot;:&quot;6dd6035&quot;,&quot;image&quot;:null,&quot;dl_item_width&quot;:&quot;initial&quot;,&quot;dl_zindex&quot;:0,&quot;dl_width_custom_width_tablet&quot;:{&quot;unit&quot;:&quot;px&quot;,&quot;size&quot;:256,&quot;sizes&quot;:[]},&quot;dl_item_width_tablet&quot;:&quot;&quot;,&quot;dl_item_width_mobile&quot;:&quot;&quot;,&quot;dl_item_position&quot;:&quot;&quot;,&quot;dl_parallax_data_popup&quot;:&quot;&quot;,&quot;dl_translate_x_axix&quot;:null,&quot;dl_translate_y_axix&quot;:null,&quot;dl_rotate_x_axix&quot;:null,&quot;dl_rotate_y_axix&quot;:null,&quot;dl_rotate_z_axix&quot;:null,&quot;dl_scale_x_axix&quot;:null,&quot;dl_scale_y_axix&quot;:null,&quot;dl_scale_z_axix&quot;:null,&quot;dl_item_depth&quot;:null,&quot;dl_wow_enable&quot;:&quot;&quot;,&quot;dl_animation&quot;:null,&quot;dl_animation_duration&quot;:null,&quot;dl_animation_delay&quot;:null,&quot;dl_hide_tablet&quot;:&quot;&quot;,&quot;dl_hide_mobile&quot;:&quot;&quot;},{&quot;image&quot;:null,&quot;dl_item_width&quot;:&quot;initial&quot;,&quot;dl_item_position&quot;:&quot;yes&quot;,&quot;dl_offset_orientation_h&quot;:&quot;end&quot;,&quot;dl_offset_orientation_v&quot;:&quot;end&quot;,&quot;dl_offset_y_end&quot;:{&quot;unit&quot;:&quot;px&quot;,&quot;size&quot;:33,&quot;sizes&quot;:[]},&quot;dl_zindex&quot;:0,&quot;_id&quot;:&quot;36d9edd&quot;,&quot;dl_width_custom_width_laptop&quot;:{&quot;unit&quot;:&quot;px&quot;,&quot;size&quot;:203,&quot;sizes&quot;:[]},&quot;dl_width_custom_width_tablet&quot;:{&quot;unit&quot;:&quot;px&quot;,&quot;size&quot;:181,&quot;sizes&quot;:[]},&quot;dl_item_width_tablet&quot;:&quot;&quot;,&quot;dl_item_width_mobile&quot;:&quot;&quot;,&quot;dl_parallax_data_popup&quot;:&quot;&quot;,&quot;dl_translate_x_axix&quot;:null,&quot;dl_translate_y_axix&quot;:null,&quot;dl_rotate_x_axix&quot;:null,&quot;dl_rotate_y_axix&quot;:null,&quot;dl_rotate_z_axix&quot;:null,&quot;dl_scale_x_axix&quot;:null,&quot;dl_scale_y_axix&quot;:null,&quot;dl_scale_z_axix&quot;:null,&quot;dl_item_depth&quot;:null,&quot;dl_wow_enable&quot;:&quot;&quot;,&quot;dl_animation&quot;:null,&quot;dl_animation_duration&quot;:null,&quot;dl_animation_delay&quot;:null,&quot;dl_hide_tablet&quot;:&quot;&quot;,&quot;dl_hide_mobile&quot;:&quot;&quot;}]\" data-dl_move=\"{&quot;dl_parallaxmove_enable&quot;:&quot;no&quot;,&quot;dl_scalar_x_axix&quot;:null,&quot;dl_scalar_y_axix&quot;:null}\" data-id=\"5c56884\" data-element_type=\"section\" data-e-type=\"section\" data-settings=\"{&quot;dl_parallax_repeater_data&quot;:[{&quot;_id&quot;:&quot;6dd6035&quot;,&quot;image&quot;:null,&quot;dl_item_width&quot;:&quot;initial&quot;,&quot;dl_zindex&quot;:0,&quot;dl_width_custom_width_tablet&quot;:{&quot;unit&quot;:&quot;px&quot;,&quot;size&quot;:256,&quot;sizes&quot;:[]},&quot;dl_item_width_tablet&quot;:&quot;&quot;,&quot;dl_item_width_mobile&quot;:&quot;&quot;,&quot;dl_item_position&quot;:&quot;&quot;,&quot;dl_parallax_data_popup&quot;:&quot;&quot;,&quot;dl_translate_x_axix&quot;:null,&quot;dl_translate_y_axix&quot;:null,&quot;dl_rotate_x_axix&quot;:null,&quot;dl_rotate_y_axix&quot;:null,&quot;dl_rotate_z_axix&quot;:null,&quot;dl_scale_x_axix&quot;:null,&quot;dl_scale_y_axix&quot;:null,&quot;dl_scale_z_axix&quot;:null,&quot;dl_item_depth&quot;:null,&quot;dl_wow_enable&quot;:&quot;&quot;,&quot;dl_animation&quot;:null,&quot;dl_animation_duration&quot;:null,&quot;dl_animation_delay&quot;:null,&quot;dl_hide_tablet&quot;:&quot;&quot;,&quot;dl_hide_mobile&quot;:&quot;&quot;},{&quot;image&quot;:null,&quot;dl_item_width&quot;:&quot;initial&quot;,&quot;dl_item_position&quot;:&quot;yes&quot;,&quot;dl_offset_orientation_h&quot;:&quot;end&quot;,&quot;dl_offset_orientation_v&quot;:&quot;end&quot;,&quot;dl_offset_y_end&quot;:{&quot;unit&quot;:&quot;px&quot;,&quot;size&quot;:33,&quot;sizes&quot;:[]},&quot;dl_zindex&quot;:0,&quot;_id&quot;:&quot;36d9edd&quot;,&quot;dl_width_custom_width_laptop&quot;:{&quot;unit&quot;:&quot;px&quot;,&quot;size&quot;:203,&quot;sizes&quot;:[]},&quot;dl_width_custom_width_tablet&quot;:{&quot;unit&quot;:&quot;px&quot;,&quot;size&quot;:181,&quot;sizes&quot;:[]},&quot;dl_item_width_tablet&quot;:&quot;&quot;,&quot;dl_item_width_mobile&quot;:&quot;&quot;,&quot;dl_parallax_data_popup&quot;:&quot;&quot;,&quot;dl_translate_x_axix&quot;:null,&quot;dl_translate_y_axix&quot;:null,&quot;dl_rotate_x_axix&quot;:null,&quot;dl_rotate_y_axix&quot;:null,&quot;dl_rotate_z_axix&quot;:null,&quot;dl_scale_x_axix&quot;:null,&quot;dl_scale_y_axix&quot;:null,&quot;dl_scale_z_axix&quot;:null,&quot;dl_item_depth&quot;:null,&quot;dl_wow_enable&quot;:&quot;&quot;,&quot;dl_animation&quot;:null,&quot;dl_animation_duration&quot;:null,&quot;dl_animation_delay&quot;:null,&quot;dl_hide_tablet&quot;:&quot;&quot;,&quot;dl_hide_mobile&quot;:&quot;&quot;}]}\">\n\t\t\t\t\t\t<div class=\"elementor-container elementor-column-gap-default\">\n\t\t\t\t\t<div class=\"elementor-column elementor-col-50 elementor-top-column elementor-element elementor-element-0318af7\" data-id=\"0318af7\" data-element_type=\"column\" data-e-type=\"column\">\n\t\t\t<div class=\"elementor-widget-wrap elementor-element-populated\">\n\t\t\t\t\t\t<section class=\"elementor-section elementor-inner-section elementor-element elementor-element-7a67b05 elementor-section-boxed elementor-section-height-default elementor-section-height-default\" data-id=\"7a67b05\" data-element_type=\"section\" data-e-type=\"section\">\n\t\t\t\t\t\t<div class=\"elementor-container elementor-column-gap-default\">\n\t\t\t\t\t<div class=\"elementor-column elementor-col-100 elementor-inner-column elementor-element elementor-element-5af4f26\" data-id=\"5af4f26\" data-element_type=\"column\" data-e-type=\"column\">\n\t\t\t<div class=\"elementor-widget-wrap elementor-element-populated\">\n\t\t\t\t\t\t<div class=\"elementor-element elementor-element-9c1c89e img_position-one elementor-widget__width-auto elementor-widget elementor-widget-image\" data-id=\"9c1c89e\" data-element_type=\"widget\" data-e-type=\"widget\" data-widget_type=\"image.default\">\n\t\t\t\t<div class=\"elementor-widget-container\">\n\t\t\t\t\t\t\t\t\t\t\t\t\t\t\t<img decoding=\"async\" width=\"423\" height=\"183\" src=\"https:\/\/www.abortionpillsinprivate.com\/wp-content\/uploads\/2023\/08\/Group-25.png\" class=\"attachment-full size-full wp-image-22692\" alt=\"\" srcset=\"https:\/\/www.abortionpillsinprivate.com\/wp-content\/uploads\/2023\/08\/Group-25.png 423w, https:\/\/www.abortionpillsinprivate.com\/wp-content\/uploads\/2023\/08\/Group-25-300x130.png 300w\" sizes=\"(max-width: 423px) 100vw, 423px\" \/>\t\t\t\t\t\t\t\t\t\t\t\t\t\t\t<\/div>\n\t\t\t\t<\/div>\n\t\t\t\t\t<\/div>\n\t\t<\/div>\n\t\t\t\t\t<\/div>\n\t\t<\/section>\n\t\t\t\t\t<\/div>\n\t\t<\/div>\n\t\t\t\t<div class=\"elementor-column elementor-col-50 elementor-top-column elementor-element elementor-element-4d95ae2\" data-id=\"4d95ae2\" data-element_type=\"column\" data-e-type=\"column\">\n\t\t\t<div class=\"elementor-widget-wrap elementor-element-populated\">\n\t\t\t\t\t\t<div class=\"elementor-element elementor-element-0223b34 elementor-widget elementor-widget-heading\" data-id=\"0223b34\" data-element_type=\"widget\" data-e-type=\"widget\" data-widget_type=\"heading.default\">\n\t\t\t\t<div class=\"elementor-widget-container\">\n\t\t\t\t\t<h2 class=\"elementor-heading-title elementor-size-default\">Abortion Pills In Private: El futuro de la atenci\u00f3n al aborto<\/h2>\t\t\t\t<\/div>\n\t\t\t\t<\/div>\n\t\t\t\t<div class=\"elementor-element elementor-element-75a0024 elementor-widget elementor-widget-text-editor\" data-id=\"75a0024\" data-element_type=\"widget\" data-e-type=\"widget\" data-widget_type=\"text-editor.default\">\n\t\t\t\t<div class=\"elementor-widget-container\">\n\t\t\t\t\t\t\t\t\t<p>\u00abAbortion Pills In Private\u00bb es un equipo de profesionales de la salud comprometidos con brindar atenci\u00f3n en l\u00ednea con pastillas para el aborto. En \u00abAbortion Pills In Private\u00bb nos esforzamos por hacer accesible el aborto para mujeres elegibles y personas que pueden quedar embarazadas. Nuestro equipo comprende la importancia de la confidencialidad, y cada paso est\u00e1 cuidadosamente dise\u00f1ado para proteger tu informaci\u00f3n personal.<\/p><p>Si tienes alguna pregunta sobre las pastillas en l\u00ednea, por favor env\u00edanos un correo electr\u00f3nico a: <a href=\"mailto:info@abortionpillsinprivate.com\"><strong>info@abortionpillsinprivate.com<\/strong><\/a><\/p>\t\t\t\t\t\t\t\t<\/div>\n\t\t\t\t<\/div>\n\t\t\t\t\t<\/div>\n\t\t<\/div>\n\t\t\t\t\t<\/div>\n\t\t<\/section>\n\t\t\t\t<\/div>\n\t\t","protected":false},"excerpt":{"rendered":"<p>Qui\u00e9nes Somos \u2013 Proveedor Confiable de Pastillas Abortivas Bienvenida a \u00abAbortion Pills In Private\u00bb, donde la atenci\u00f3n compasiva se encuentra con la conveniencia para las mujeres elegibles y personas que pueden quedar embarazadas. Proporcionamos una soluci\u00f3n segura y empoderadora que respeta tu privacidad y derechos reproductivos a trav\u00e9s de nuestra plataforma en l\u00ednea. Comencemos! Abortion &#8230;<\/p>\n","protected":false},"author":1,"featured_media":0,"parent":0,"menu_order":0,"comment_status":"closed","ping_status":"closed","template":"elementor_header_footer","meta":{"footnotes":""},"class_list":["post-28094","page","type-page","status-publish","hentry"],"acf":[],"yoast_head":"<!-- This site is optimized with the Yoast SEO plugin v27.2 - https:\/\/yoast.com\/product\/yoast-seo-wordpress\/ -->\n<title>Qui\u00e9nes somos | Abortion Pills In Private<\/title>\n<meta name=\"description\" content=\"Qui\u00e9nes somos: conoce Abortion Pills In Private, una plataforma segura y confidencial que ofrece acceso a pastillas abortivas con privacidad y apoyo en l\u00ednea.\" \/>\n<meta name=\"robots\" content=\"index, follow, max-snippet:-1, max-image-preview:large, max-video-preview:-1\" \/>\n<link rel=\"canonical\" href=\"https:\/\/www.abortionpillsinprivate.com\/es\/quienes-somos\/\" \/>\n<meta property=\"og:locale\" content=\"es_ES\" \/>\n<meta property=\"og:type\" content=\"article\" \/>\n<meta property=\"og:title\" content=\"Qui\u00e9nes somos | Abortion Pills In Private\" \/>\n<meta property=\"og:description\" content=\"Qui\u00e9nes somos: conoce Abortion Pills In Private, una plataforma segura y confidencial que ofrece acceso a pastillas abortivas con privacidad y apoyo en l\u00ednea.\" \/>\n<meta property=\"og:url\" content=\"https:\/\/www.abortionpillsinprivate.com\/es\/quienes-somos\/\" \/>\n<meta property=\"og:site_name\" content=\"Abortion Pills In Private\" \/>\n<meta property=\"article:modified_time\" content=\"2026-04-06T05:51:35+00:00\" \/>\n<meta property=\"og:image\" content=\"https:\/\/www.abortionpillsinprivate.com\/wp-content\/uploads\/2023\/08\/Group-27.png\" \/>\n\t<meta property=\"og:image:width\" content=\"423\" \/>\n\t<meta property=\"og:image:height\" content=\"182\" \/>\n\t<meta property=\"og:image:type\" content=\"image\/png\" \/>\n<meta name=\"twitter:card\" content=\"summary_large_image\" \/>\n<meta name=\"twitter:label1\" content=\"Tiempo de lectura\" \/>\n\t<meta name=\"twitter:data1\" content=\"2 minutos\" \/>\n<script type=\"application\/ld+json\" class=\"yoast-schema-graph\">{\"@context\":\"https:\/\/schema.org\",\"@graph\":[{\"@type\":\"WebPage\",\"@id\":\"https:\/\/www.abortionpillsinprivate.com\/es\/quienes-somos\/\",\"url\":\"https:\/\/www.abortionpillsinprivate.com\/es\/quienes-somos\/\",\"name\":\"Qui\u00e9nes somos | Abortion Pills In Private\",\"isPartOf\":{\"@id\":\"https:\/\/www.abortionpillsinprivate.com\/es\/#website\"},\"primaryImageOfPage\":{\"@id\":\"https:\/\/www.abortionpillsinprivate.com\/es\/quienes-somos\/#primaryimage\"},\"image\":{\"@id\":\"https:\/\/www.abortionpillsinprivate.com\/es\/quienes-somos\/#primaryimage\"},\"thumbnailUrl\":\"https:\/\/www.abortionpillsinprivate.com\/wp-content\/uploads\/2023\/08\/Group-27.png\",\"datePublished\":\"2022-03-22T12:48:26+00:00\",\"dateModified\":\"2026-04-06T05:51:35+00:00\",\"description\":\"Qui\u00e9nes somos: conoce Abortion Pills In Private, una plataforma segura y confidencial que ofrece acceso a pastillas abortivas con privacidad y apoyo en l\u00ednea.\",\"breadcrumb\":{\"@id\":\"https:\/\/www.abortionpillsinprivate.com\/es\/quienes-somos\/#breadcrumb\"},\"inLanguage\":\"es\",\"potentialAction\":[{\"@type\":\"ReadAction\",\"target\":[\"https:\/\/www.abortionpillsinprivate.com\/es\/quienes-somos\/\"]}]},{\"@type\":\"ImageObject\",\"inLanguage\":\"es\",\"@id\":\"https:\/\/www.abortionpillsinprivate.com\/es\/quienes-somos\/#primaryimage\",\"url\":\"https:\/\/www.abortionpillsinprivate.com\/wp-content\/uploads\/2023\/08\/Group-27.png\",\"contentUrl\":\"https:\/\/www.abortionpillsinprivate.com\/wp-content\/uploads\/2023\/08\/Group-27.png\"},{\"@type\":\"BreadcrumbList\",\"@id\":\"https:\/\/www.abortionpillsinprivate.com\/es\/quienes-somos\/#breadcrumb\",\"itemListElement\":[{\"@type\":\"ListItem\",\"position\":1,\"name\":\"Home\",\"item\":\"https:\/\/www.abortionpillsinprivate.com\/es\/\"},{\"@type\":\"ListItem\",\"position\":2,\"name\":\"Qui\u00e9nes somos\"}]},{\"@type\":\"WebSite\",\"@id\":\"https:\/\/www.abortionpillsinprivate.com\/es\/#website\",\"url\":\"https:\/\/www.abortionpillsinprivate.com\/es\/\",\"name\":\"Abortion Pills In Private\",\"description\":\"Online Abortion Care Delivered to Your Doorstep\",\"publisher\":{\"@id\":\"https:\/\/www.abortionpillsinprivate.com\/es\/#organization\"},\"potentialAction\":[{\"@type\":\"SearchAction\",\"target\":{\"@type\":\"EntryPoint\",\"urlTemplate\":\"https:\/\/www.abortionpillsinprivate.com\/es\/?s={search_term_string}\"},\"query-input\":{\"@type\":\"PropertyValueSpecification\",\"valueRequired\":true,\"valueName\":\"search_term_string\"}}],\"inLanguage\":\"es\"},{\"@type\":\"Organization\",\"@id\":\"https:\/\/www.abortionpillsinprivate.com\/es\/#organization\",\"name\":\"Onlinepills\",\"url\":\"https:\/\/www.abortionpillsinprivate.com\/es\/\",\"logo\":{\"@type\":\"ImageObject\",\"inLanguage\":\"es\",\"@id\":\"https:\/\/www.abortionpillsinprivate.com\/es\/#\/schema\/logo\/image\/\",\"url\":\"https:\/\/www.abortionpillsinprivate.com\/wp-content\/uploads\/2023\/07\/logo.svg\",\"contentUrl\":\"https:\/\/www.abortionpillsinprivate.com\/wp-content\/uploads\/2023\/07\/logo.svg\",\"width\":145,\"height\":93,\"caption\":\"Onlinepills\"},\"image\":{\"@id\":\"https:\/\/www.abortionpillsinprivate.com\/es\/#\/schema\/logo\/image\/\"}}]}<\/script>\n<!-- \/ Yoast SEO plugin. -->","yoast_head_json":{"title":"Qui\u00e9nes somos | Abortion Pills In Private","description":"Qui\u00e9nes somos: conoce Abortion Pills In Private, una plataforma segura y confidencial que ofrece acceso a pastillas abortivas con privacidad y apoyo en l\u00ednea.","robots":{"index":"index","follow":"follow","max-snippet":"max-snippet:-1","max-image-preview":"max-image-preview:large","max-video-preview":"max-video-preview:-1"},"canonical":"https:\/\/www.abortionpillsinprivate.com\/es\/quienes-somos\/","og_locale":"es_ES","og_type":"article","og_title":"Qui\u00e9nes somos | Abortion Pills In Private","og_description":"Qui\u00e9nes somos: conoce Abortion Pills In Private, una plataforma segura y confidencial que ofrece acceso a pastillas abortivas con privacidad y apoyo en l\u00ednea.","og_url":"https:\/\/www.abortionpillsinprivate.com\/es\/quienes-somos\/","og_site_name":"Abortion Pills In Private","article_modified_time":"2026-04-06T05:51:35+00:00","og_image":[{"width":423,"height":182,"url":"https:\/\/www.abortionpillsinprivate.com\/wp-content\/uploads\/2023\/08\/Group-27.png","type":"image\/png"}],"twitter_card":"summary_large_image","twitter_misc":{"Tiempo de lectura":"2 minutos"},"schema":{"@context":"https:\/\/schema.org","@graph":[{"@type":"WebPage","@id":"https:\/\/www.abortionpillsinprivate.com\/es\/quienes-somos\/","url":"https:\/\/www.abortionpillsinprivate.com\/es\/quienes-somos\/","name":"Qui\u00e9nes somos | Abortion Pills In Private","isPartOf":{"@id":"https:\/\/www.abortionpillsinprivate.com\/es\/#website"},"primaryImageOfPage":{"@id":"https:\/\/www.abortionpillsinprivate.com\/es\/quienes-somos\/#primaryimage"},"image":{"@id":"https:\/\/www.abortionpillsinprivate.com\/es\/quienes-somos\/#primaryimage"},"thumbnailUrl":"https:\/\/www.abortionpillsinprivate.com\/wp-content\/uploads\/2023\/08\/Group-27.png","datePublished":"2022-03-22T12:48:26+00:00","dateModified":"2026-04-06T05:51:35+00:00","description":"Qui\u00e9nes somos: conoce Abortion Pills In Private, una plataforma segura y confidencial que ofrece acceso a pastillas abortivas con privacidad y apoyo en l\u00ednea.","breadcrumb":{"@id":"https:\/\/www.abortionpillsinprivate.com\/es\/quienes-somos\/#breadcrumb"},"inLanguage":"es","potentialAction":[{"@type":"ReadAction","target":["https:\/\/www.abortionpillsinprivate.com\/es\/quienes-somos\/"]}]},{"@type":"ImageObject","inLanguage":"es","@id":"https:\/\/www.abortionpillsinprivate.com\/es\/quienes-somos\/#primaryimage","url":"https:\/\/www.abortionpillsinprivate.com\/wp-content\/uploads\/2023\/08\/Group-27.png","contentUrl":"https:\/\/www.abortionpillsinprivate.com\/wp-content\/uploads\/2023\/08\/Group-27.png"},{"@type":"BreadcrumbList","@id":"https:\/\/www.abortionpillsinprivate.com\/es\/quienes-somos\/#breadcrumb","itemListElement":[{"@type":"ListItem","position":1,"name":"Home","item":"https:\/\/www.abortionpillsinprivate.com\/es\/"},{"@type":"ListItem","position":2,"name":"Qui\u00e9nes somos"}]},{"@type":"WebSite","@id":"https:\/\/www.abortionpillsinprivate.com\/es\/#website","url":"https:\/\/www.abortionpillsinprivate.com\/es\/","name":"Abortion Pills In Private","description":"Online Abortion Care Delivered to Your Doorstep","publisher":{"@id":"https:\/\/www.abortionpillsinprivate.com\/es\/#organization"},"potentialAction":[{"@type":"SearchAction","target":{"@type":"EntryPoint","urlTemplate":"https:\/\/www.abortionpillsinprivate.com\/es\/?s={search_term_string}"},"query-input":{"@type":"PropertyValueSpecification","valueRequired":true,"valueName":"search_term_string"}}],"inLanguage":"es"},{"@type":"Organization","@id":"https:\/\/www.abortionpillsinprivate.com\/es\/#organization","name":"Onlinepills","url":"https:\/\/www.abortionpillsinprivate.com\/es\/","logo":{"@type":"ImageObject","inLanguage":"es","@id":"https:\/\/www.abortionpillsinprivate.com\/es\/#\/schema\/logo\/image\/","url":"https:\/\/www.abortionpillsinprivate.com\/wp-content\/uploads\/2023\/07\/logo.svg","contentUrl":"https:\/\/www.abortionpillsinprivate.com\/wp-content\/uploads\/2023\/07\/logo.svg","width":145,"height":93,"caption":"Onlinepills"},"image":{"@id":"https:\/\/www.abortionpillsinprivate.com\/es\/#\/schema\/logo\/image\/"}}]}},"_links":{"self":[{"href":"https:\/\/www.abortionpillsinprivate.com\/es\/wp-json\/wp\/v2\/pages\/28094","targetHints":{"allow":["GET"]}}],"collection":[{"href":"https:\/\/www.abortionpillsinprivate.com\/es\/wp-json\/wp\/v2\/pages"}],"about":[{"href":"https:\/\/www.abortionpillsinprivate.com\/es\/wp-json\/wp\/v2\/types\/page"}],"author":[{"embeddable":true,"href":"https:\/\/www.abortionpillsinprivate.com\/es\/wp-json\/wp\/v2\/users\/1"}],"replies":[{"embeddable":true,"href":"https:\/\/www.abortionpillsinprivate.com\/es\/wp-json\/wp\/v2\/comments?post=28094"}],"version-history":[{"count":9,"href":"https:\/\/www.abortionpillsinprivate.com\/es\/wp-json\/wp\/v2\/pages\/28094\/revisions"}],"predecessor-version":[{"id":45224,"href":"https:\/\/www.abortionpillsinprivate.com\/es\/wp-json\/wp\/v2\/pages\/28094\/revisions\/45224"}],"wp:attachment":[{"href":"https:\/\/www.abortionpillsinprivate.com\/es\/wp-json\/wp\/v2\/media?parent=28094"}],"curies":[{"name":"wp","href":"https:\/\/api.w.org\/{rel}","templated":true}]}}