{"id":28115,"date":"2023-05-08T13:05:38","date_gmt":"2023-05-08T20:05:38","guid":{"rendered":"https:\/\/www.abortionpillsinprivate.com\/how-it-works\/"},"modified":"2026-03-31T04:02:13","modified_gmt":"2026-03-31T11:02:13","slug":"como-funciona","status":"publish","type":"page","link":"https:\/\/www.abortionpillsinprivate.com\/es\/como-funciona\/","title":{"rendered":"C\u00f3mo funciona"},"content":{"rendered":"\t\t<div data-elementor-type=\"wp-page\" data-elementor-id=\"28115\" class=\"elementor elementor-28115\">\n\t\t\t\t\t\t<section class=\"elementor-section elementor-top-section elementor-element elementor-element-213cfe4d elementor-section-boxed elementor-section-height-default elementor-section-height-default\" data-id=\"213cfe4d\" data-element_type=\"section\" data-e-type=\"section\">\n\t\t\t\t\t\t<div class=\"elementor-container elementor-column-gap-default\">\n\t\t\t\t\t<div class=\"elementor-column elementor-col-50 elementor-top-column elementor-element elementor-element-73633244\" data-id=\"73633244\" data-element_type=\"column\" data-e-type=\"column\">\n\t\t\t<div class=\"elementor-widget-wrap elementor-element-populated\">\n\t\t\t\t\t\t<div class=\"elementor-element elementor-element-58ce0633 elementor-widget elementor-widget-heading\" data-id=\"58ce0633\" data-element_type=\"widget\" data-e-type=\"widget\" data-widget_type=\"heading.default\">\n\t\t\t\t<div class=\"elementor-widget-container\">\n\t\t\t\t\t<h1 class=\"elementor-heading-title elementor-size-default\">C\u00f3mo Funciona el Aborto con Pastillas \u2013 Proceso Seguro y Confidencial<\/h1>\t\t\t\t<\/div>\n\t\t\t\t<\/div>\n\t\t\t\t<div class=\"elementor-element elementor-element-646933f elementor-widget elementor-widget-text-editor\" data-id=\"646933f\" data-element_type=\"widget\" data-e-type=\"widget\" data-widget_type=\"text-editor.default\">\n\t\t\t\t<div class=\"elementor-widget-container\">\n\t\t\t\t\t\t\t\t\tTe presentamos \u00abAbortion Pills In Private\u00bb, un sitio web que ofrece apoyo en l\u00ednea para el aborto. Nuestros compasivos asesores te proporcionar\u00e1n pastillas para el aborto discretamente entregadas en tu puerta.\t\t\t\t\t\t\t\t<\/div>\n\t\t\t\t<\/div>\n\t\t\t\t<div class=\"elementor-element elementor-element-5b487c65 elementor-widget elementor-widget-button\" data-id=\"5b487c65\" data-element_type=\"widget\" data-e-type=\"widget\" data-widget_type=\"button.default\">\n\t\t\t\t<div class=\"elementor-widget-container\">\n\t\t\t\t\t\t\t\t\t<div class=\"elementor-button-wrapper\">\n\t\t\t\t\t<a class=\"elementor-button elementor-button-link elementor-size-xs\" href=\"https:\/\/www.abortionpillsinprivate.com\/es\/order-online\/\">\n\t\t\t\t\t\t<span class=\"elementor-button-content-wrapper\">\n\t\t\t\t\t\t<span class=\"elementor-button-icon\">\n\t\t\t\t<i aria-hidden=\"true\" class=\"fas fa-arrow-right\"><\/i>\t\t\t<\/span>\n\t\t\t\t\t\t\t\t\t<span class=\"elementor-button-text\">Comencemos!<\/span>\n\t\t\t\t\t<\/span>\n\t\t\t\t\t<\/a>\n\t\t\t\t<\/div>\n\t\t\t\t\t\t\t\t<\/div>\n\t\t\t\t<\/div>\n\t\t\t\t\t<\/div>\n\t\t<\/div>\n\t\t\t\t<div class=\"elementor-column elementor-col-50 elementor-top-column elementor-element elementor-element-3985d1ea\" data-id=\"3985d1ea\" data-element_type=\"column\" data-e-type=\"column\">\n\t\t\t<div class=\"elementor-widget-wrap elementor-element-populated\">\n\t\t\t\t\t\t<div class=\"elementor-element elementor-element-1c318318 elementor-widget elementor-widget-image\" data-id=\"1c318318\" data-element_type=\"widget\" data-e-type=\"widget\" data-widget_type=\"image.default\">\n\t\t\t\t<div class=\"elementor-widget-container\">\n\t\t\t\t\t\t\t\t\t\t\t\t\t\t\t<img fetchpriority=\"high\" decoding=\"async\" width=\"492\" height=\"251\" src=\"https:\/\/www.abortionpillsinprivate.com\/wp-content\/uploads\/2023\/05\/About-us-banner.png\" class=\"attachment-full size-full wp-image-21448\" alt=\"\" srcset=\"https:\/\/www.abortionpillsinprivate.com\/wp-content\/uploads\/2023\/05\/About-us-banner.png 492w, https:\/\/www.abortionpillsinprivate.com\/wp-content\/uploads\/2023\/05\/About-us-banner-300x153.png 300w\" sizes=\"(max-width: 492px) 100vw, 492px\" \/>\t\t\t\t\t\t\t\t\t\t\t\t\t\t\t<\/div>\n\t\t\t\t<\/div>\n\t\t\t\t\t<\/div>\n\t\t<\/div>\n\t\t\t\t\t<\/div>\n\t\t<\/section>\n\t\t\t\t<section class=\"elementor-section elementor-top-section elementor-element elementor-element-4f352ca elementor-section-boxed elementor-section-height-default elementor-section-height-default\" data-id=\"4f352ca\" data-element_type=\"section\" data-e-type=\"section\">\n\t\t\t\t\t\t<div class=\"elementor-container elementor-column-gap-default\">\n\t\t\t\t\t<div class=\"elementor-column elementor-col-66 elementor-top-column elementor-element elementor-element-320a9e0\" data-id=\"320a9e0\" data-element_type=\"column\" data-e-type=\"column\">\n\t\t\t<div class=\"elementor-widget-wrap elementor-element-populated\">\n\t\t\t\t\t\t<div class=\"elementor-element elementor-element-c03499f elementor-widget elementor-widget-text-editor\" data-id=\"c03499f\" data-element_type=\"widget\" data-e-type=\"widget\" data-widget_type=\"text-editor.default\">\n\t\t\t\t<div class=\"elementor-widget-container\">\n\t\t\t\t\t\t\t\t\tDescubre \u00abAbortion Pills In Private\u00bb, un sitio web dedicado a ofrecer apoyo en l\u00ednea discreto para el aborto. Nuestros consejeros comprensivos est\u00e1n aqu\u00ed para ayudarte, asegurando que las pastillas para el aborto sean discretamente entregadas en tu puerta.\t\t\t\t\t\t\t\t<\/div>\n\t\t\t\t<\/div>\n\t\t\t\t<section class=\"elementor-section elementor-inner-section elementor-element elementor-element-804c713 elementor-section-boxed elementor-section-height-default elementor-section-height-default\" data-id=\"804c713\" data-element_type=\"section\" data-e-type=\"section\">\n\t\t\t\t\t\t<div class=\"elementor-container elementor-column-gap-default\">\n\t\t\t\t\t<div class=\"elementor-column elementor-col-50 elementor-inner-column elementor-element elementor-element-04e5afd\" data-id=\"04e5afd\" data-element_type=\"column\" data-e-type=\"column\">\n\t\t\t<div class=\"elementor-widget-wrap elementor-element-populated\">\n\t\t\t\t\t\t<div class=\"elementor-element elementor-element-0d613f2 elementor-position-inline-start elementor-view-default elementor-mobile-position-block-start elementor-widget elementor-widget-icon-box\" data-id=\"0d613f2\" data-element_type=\"widget\" data-e-type=\"widget\" data-widget_type=\"icon-box.default\">\n\t\t\t\t<div class=\"elementor-widget-container\">\n\t\t\t\t\t\t\t<div class=\"elementor-icon-box-wrapper\">\n\n\t\t\t\t\t\t<div class=\"elementor-icon-box-icon\">\n\t\t\t\t<span  class=\"elementor-icon elementor-animation-pulse-grow\">\n\t\t\t\t<i aria-hidden=\"true\" class=\"dlicon dlicon-check-3-green\"><\/i>\t\t\t\t<\/span>\n\t\t\t<\/div>\n\t\t\t\n\t\t\t\t\t\t<div class=\"elementor-icon-box-content\">\n\n\t\t\t\t\t\t\t\t\t<h5 class=\"elementor-icon-box-title\">\n\t\t\t\t\t\t<span  >\n\t\t\t\t\t\t\tPaso 1 : Comprueba si eres elegible\t\t\t\t\t\t<\/span>\n\t\t\t\t\t<\/h5>\n\t\t\t\t\n\t\t\t\t\t\t\t\t\t<p class=\"elementor-icon-box-description\">\n\t\t\t\t\t\tConfirmar la elegibilidad es crucial antes de proceder con nuestro servicio en l\u00ednea de pastillas para el aborto.\n<ul>\n<li>Duraci\u00f3n del Embarazo: Aseg\u00farate de estar dentro de las primeras 11 semanas de embarazo.<\/li>\n<\/ul>\t\t\t\t\t<\/p>\n\t\t\t\t\n\t\t\t<\/div>\n\t\t\t\n\t\t<\/div>\n\t\t\t\t\t\t<\/div>\n\t\t\t\t<\/div>\n\t\t\t\t<div class=\"elementor-element elementor-element-469c454 elementor-position-inline-start elementor-view-default elementor-mobile-position-block-start elementor-widget elementor-widget-icon-box\" data-id=\"469c454\" data-element_type=\"widget\" data-e-type=\"widget\" data-widget_type=\"icon-box.default\">\n\t\t\t\t<div class=\"elementor-widget-container\">\n\t\t\t\t\t\t\t<div class=\"elementor-icon-box-wrapper\">\n\n\t\t\t\t\t\t<div class=\"elementor-icon-box-icon\">\n\t\t\t\t<span  class=\"elementor-icon elementor-animation-pulse-grow\">\n\t\t\t\t<i aria-hidden=\"true\" class=\"far fa-comment-dots\"><\/i>\t\t\t\t<\/span>\n\t\t\t<\/div>\n\t\t\t\n\t\t\t\t\t\t<div class=\"elementor-icon-box-content\">\n\n\t\t\t\t\t\t\t\t\t<h5 class=\"elementor-icon-box-title\">\n\t\t\t\t\t\t<span  >\n\t\t\t\t\t\t\tPaso 2: Contacta a \"Abortion Pills in Private\"\t\t\t\t\t\t<\/span>\n\t\t\t\t\t<\/h5>\n\t\t\t\t\n\t\t\t\t\t\t\t\t\t<p class=\"elementor-icon-box-description\">\n\t\t\t\t\t\tSi necesitas ayuda, cont\u00e1ctanos a trav\u00e9s del formulario proporcionado o env\u00edanos un correo electr\u00f3nico a: <b>info@abortionpillsinprivate.com<\/b>. \t\t\t\t\t<\/p>\n\t\t\t\t\n\t\t\t<\/div>\n\t\t\t\n\t\t<\/div>\n\t\t\t\t\t\t<\/div>\n\t\t\t\t<\/div>\n\t\t\t\t\t<\/div>\n\t\t<\/div>\n\t\t\t\t<div class=\"elementor-column elementor-col-50 elementor-inner-column elementor-element elementor-element-6bca4a6\" data-id=\"6bca4a6\" data-element_type=\"column\" data-e-type=\"column\">\n\t\t\t<div class=\"elementor-widget-wrap elementor-element-populated\">\n\t\t\t\t\t\t<div class=\"elementor-element elementor-element-f2f73a1 elementor-position-inline-start elementor-view-default elementor-mobile-position-block-start elementor-widget elementor-widget-icon-box\" data-id=\"f2f73a1\" data-element_type=\"widget\" data-e-type=\"widget\" data-widget_type=\"icon-box.default\">\n\t\t\t\t<div class=\"elementor-widget-container\">\n\t\t\t\t\t\t\t<div class=\"elementor-icon-box-wrapper\">\n\n\t\t\t\t\t\t<div class=\"elementor-icon-box-icon\">\n\t\t\t\t<span  class=\"elementor-icon elementor-animation-pulse-grow\">\n\t\t\t\t<i aria-hidden=\"true\" class=\"fas fa-file-signature\"><\/i>\t\t\t\t<\/span>\n\t\t\t<\/div>\n\t\t\t\n\t\t\t\t\t\t<div class=\"elementor-icon-box-content\">\n\n\t\t\t\t\t\t\t\t\t<h5 class=\"elementor-icon-box-title\">\n\t\t\t\t\t\t<span  >\n\t\t\t\t\t\t\tPaso 3: Completa los formularios de consentimiento y admisi\u00f3n\t\t\t\t\t\t<\/span>\n\t\t\t\t\t<\/h5>\n\t\t\t\t\n\t\t\t\t\t\t\t\t\t<p class=\"elementor-icon-box-description\">\n\t\t\t\t\t\tSi cumples con los criterios de elegibilidad y decides proceder con nuestro servicio en l\u00ednea de pastillas para el aborto, deber\u00e1s completar los formularios de consentimiento y admisi\u00f3n. Estos formularios recopilan informaci\u00f3n esencial sobre tu historial m\u00e9dico, estado de salud actual y cualquier factor relevante para el proceso o tu bienestar.\t\t\t\t\t<\/p>\n\t\t\t\t\n\t\t\t<\/div>\n\t\t\t\n\t\t<\/div>\n\t\t\t\t\t\t<\/div>\n\t\t\t\t<\/div>\n\t\t\t\t<div class=\"elementor-element elementor-element-1d5e20a elementor-position-inline-start elementor-view-default elementor-mobile-position-block-start elementor-widget elementor-widget-icon-box\" data-id=\"1d5e20a\" data-element_type=\"widget\" data-e-type=\"widget\" data-widget_type=\"icon-box.default\">\n\t\t\t\t<div class=\"elementor-widget-container\">\n\t\t\t\t\t\t\t<div class=\"elementor-icon-box-wrapper\">\n\n\t\t\t\t\t\t<div class=\"elementor-icon-box-icon\">\n\t\t\t\t<span  class=\"elementor-icon elementor-animation-pulse-grow\">\n\t\t\t\t<i aria-hidden=\"true\" class=\"far fa-check-circle\"><\/i>\t\t\t\t<\/span>\n\t\t\t<\/div>\n\t\t\t\n\t\t\t\t\t\t<div class=\"elementor-icon-box-content\">\n\n\t\t\t\t\t\t\t\t\t<h5 class=\"elementor-icon-box-title\">\n\t\t\t\t\t\t<span  >\n\t\t\t\t\t\t\tPaso 4: Aprobaci\u00f3n y pago\t\t\t\t\t\t<\/span>\n\t\t\t\t\t<\/h5>\n\t\t\t\t\n\t\t\t\t\t\t\t\t\t<p class=\"elementor-icon-box-description\">\n\t\t\t\t\t\tUna vez que hayas completado los formularios necesarios y hayan sido revisados, tu proveedor en \"Abortion Pills In Private\" te notificar\u00e1 la aprobaci\u00f3n de nuestro servicio en l\u00ednea de pastillas para el aborto. Informaci\u00f3n detallada sobre el proceso de pago, junto con un costo de $95, se proporcionar\u00e1 en la notificaci\u00f3n de aprobaci\u00f3n a trav\u00e9s de un correo electr\u00f3nico.\t\t\t\t\t<\/p>\n\t\t\t\t\n\t\t\t<\/div>\n\t\t\t\n\t\t<\/div>\n\t\t\t\t\t\t<\/div>\n\t\t\t\t<\/div>\n\t\t\t\t<div class=\"elementor-element elementor-element-68b89bc elementor-position-inline-start elementor-view-default elementor-mobile-position-block-start elementor-widget elementor-widget-icon-box\" data-id=\"68b89bc\" data-element_type=\"widget\" data-e-type=\"widget\" data-widget_type=\"icon-box.default\">\n\t\t\t\t<div class=\"elementor-widget-container\">\n\t\t\t\t\t\t\t<div class=\"elementor-icon-box-wrapper\">\n\n\t\t\t\t\t\t<div class=\"elementor-icon-box-icon\">\n\t\t\t\t<span  class=\"elementor-icon elementor-animation-pulse-grow\">\n\t\t\t\t<i aria-hidden=\"true\" class=\"far fa-grin\"><\/i>\t\t\t\t<\/span>\n\t\t\t<\/div>\n\t\t\t\n\t\t\t\t\t\t<div class=\"elementor-icon-box-content\">\n\n\t\t\t\t\t\t\t\t\t<h5 class=\"elementor-icon-box-title\">\n\t\t\t\t\t\t<span  >\n\t\t\t\t\t\t\tPaso 5: Recibe tu kit de pastillas para el aborto.\t\t\t\t\t\t<\/span>\n\t\t\t\t\t<\/h5>\n\t\t\t\t\n\t\t\t\t\t\t\t\t\t<p class=\"elementor-icon-box-description\">\n\t\t\t\t\t\tTras realizar el pago, tus pastillas para el aborto ser\u00e1n enviadas a tu direcci\u00f3n. La entrega generalmente demora de 3 a 6 d\u00edas h\u00e1biles seg\u00fan tu c\u00f3digo postal, y recibir\u00e1s un n\u00famero de seguimiento para monitorear el progreso del env\u00edo.\t\t\t\t\t<\/p>\n\t\t\t\t\n\t\t\t<\/div>\n\t\t\t\n\t\t<\/div>\n\t\t\t\t\t\t<\/div>\n\t\t\t\t<\/div>\n\t\t\t\t\t<\/div>\n\t\t<\/div>\n\t\t\t\t\t<\/div>\n\t\t<\/section>\n\t\t\t\t\t<\/div>\n\t\t<\/div>\n\t\t\t\t<div class=\"elementor-column elementor-col-33 elementor-top-column elementor-element elementor-element-a8ea849\" data-id=\"a8ea849\" data-element_type=\"column\" data-e-type=\"column\">\n\t\t\t<div class=\"elementor-widget-wrap elementor-element-populated\">\n\t\t\t\t\t\t<div class=\"elementor-element elementor-element-6e0f328 elementor-hidden-desktop elementor-hidden-tablet elementor-hidden-mobile elementor-widget elementor-widget-image\" data-id=\"6e0f328\" data-element_type=\"widget\" data-e-type=\"widget\" data-widget_type=\"image.default\">\n\t\t\t\t<div class=\"elementor-widget-container\">\n\t\t\t\t\t\t\t\t\t\t\t\t\t\t\t<img decoding=\"async\" width=\"640\" height=\"494\" src=\"https:\/\/www.abortionpillsinprivate.com\/wp-content\/uploads\/2023\/08\/Evona-Kit-Image-3-768x593.jpg\" class=\"attachment-medium_large size-medium_large wp-image-22727\" alt=\"\" srcset=\"https:\/\/www.abortionpillsinprivate.com\/wp-content\/uploads\/2023\/08\/Evona-Kit-Image-3-768x593.jpg 768w, https:\/\/www.abortionpillsinprivate.com\/wp-content\/uploads\/2023\/08\/Evona-Kit-Image-3-300x232.jpg 300w, https:\/\/www.abortionpillsinprivate.com\/wp-content\/uploads\/2023\/08\/Evona-Kit-Image-3-1024x791.jpg 1024w, https:\/\/www.abortionpillsinprivate.com\/wp-content\/uploads\/2023\/08\/Evona-Kit-Image-3-1536x1187.jpg 1536w, https:\/\/www.abortionpillsinprivate.com\/wp-content\/uploads\/2023\/08\/Evona-Kit-Image-3-600x464.jpg 600w, https:\/\/www.abortionpillsinprivate.com\/wp-content\/uploads\/2023\/08\/Evona-Kit-Image-3.jpg 1600w\" sizes=\"(max-width: 640px) 100vw, 640px\" \/>\t\t\t\t\t\t\t\t\t\t\t\t\t\t\t<\/div>\n\t\t\t\t<\/div>\n\t\t\t\t\t<\/div>\n\t\t<\/div>\n\t\t\t\t\t<\/div>\n\t\t<\/section>\n\t\t\t\t<\/div>\n\t\t","protected":false},"excerpt":{"rendered":"<p>C\u00f3mo Funciona el Aborto con Pastillas \u2013 Proceso Seguro y Confidencial Te presentamos \u00abAbortion Pills In Private\u00bb, un sitio web que ofrece apoyo en l\u00ednea para el aborto. Nuestros compasivos asesores te proporcionar\u00e1n pastillas para el aborto discretamente entregadas en tu puerta. Comencemos! Descubre \u00abAbortion Pills In Private\u00bb, un sitio web dedicado a ofrecer apoyo &#8230;<\/p>\n","protected":false},"author":1,"featured_media":0,"parent":0,"menu_order":0,"comment_status":"closed","ping_status":"closed","template":"elementor_header_footer","meta":{"footnotes":""},"class_list":["post-28115","page","type-page","status-publish","hentry"],"acf":[],"yoast_head":"<!-- This site is optimized with the Yoast SEO plugin v27.2 - https:\/\/yoast.com\/product\/yoast-seo-wordpress\/ -->\n<title>C\u00f3mo funciona | Abortion Pills In Private<\/title>\n<meta name=\"description\" content=\"Learn how Abortion Pills In Private work from placing the order to receiving the abortion medication package and information on payment.\" \/>\n<meta name=\"robots\" content=\"index, follow, max-snippet:-1, max-image-preview:large, max-video-preview:-1\" \/>\n<link rel=\"canonical\" href=\"https:\/\/www.abortionpillsinprivate.com\/es\/como-funciona\/\" \/>\n<meta property=\"og:locale\" content=\"es_ES\" \/>\n<meta property=\"og:type\" content=\"article\" \/>\n<meta property=\"og:title\" content=\"C\u00f3mo funciona | Abortion Pills In Private\" \/>\n<meta property=\"og:description\" content=\"Learn how Abortion Pills In Private work from placing the order to receiving the abortion medication package and information on payment.\" \/>\n<meta property=\"og:url\" content=\"https:\/\/www.abortionpillsinprivate.com\/es\/como-funciona\/\" \/>\n<meta property=\"og:site_name\" content=\"Abortion Pills In Private\" \/>\n<meta property=\"article:modified_time\" content=\"2026-03-31T11:02:13+00:00\" \/>\n<meta property=\"og:image\" content=\"https:\/\/www.abortionpillsinprivate.com\/wp-content\/uploads\/2023\/05\/About-us-banner.png\" \/>\n\t<meta property=\"og:image:width\" content=\"492\" \/>\n\t<meta property=\"og:image:height\" content=\"251\" \/>\n\t<meta property=\"og:image:type\" content=\"image\/png\" \/>\n<meta name=\"twitter:card\" content=\"summary_large_image\" \/>\n<meta name=\"twitter:label1\" content=\"Tiempo de lectura\" \/>\n\t<meta name=\"twitter:data1\" content=\"1 minuto\" \/>\n<script type=\"application\/ld+json\" class=\"yoast-schema-graph\">{\"@context\":\"https:\/\/schema.org\",\"@graph\":[{\"@type\":\"WebPage\",\"@id\":\"https:\/\/www.abortionpillsinprivate.com\/es\/como-funciona\/\",\"url\":\"https:\/\/www.abortionpillsinprivate.com\/es\/como-funciona\/\",\"name\":\"C\u00f3mo funciona | Abortion Pills In Private\",\"isPartOf\":{\"@id\":\"https:\/\/www.abortionpillsinprivate.com\/es\/#website\"},\"primaryImageOfPage\":{\"@id\":\"https:\/\/www.abortionpillsinprivate.com\/es\/como-funciona\/#primaryimage\"},\"image\":{\"@id\":\"https:\/\/www.abortionpillsinprivate.com\/es\/como-funciona\/#primaryimage\"},\"thumbnailUrl\":\"https:\/\/www.abortionpillsinprivate.com\/wp-content\/uploads\/2023\/05\/About-us-banner.png\",\"datePublished\":\"2023-05-08T20:05:38+00:00\",\"dateModified\":\"2026-03-31T11:02:13+00:00\",\"description\":\"Learn how Abortion Pills In Private work from placing the order to receiving the abortion medication package and information on payment.\",\"breadcrumb\":{\"@id\":\"https:\/\/www.abortionpillsinprivate.com\/es\/como-funciona\/#breadcrumb\"},\"inLanguage\":\"es\",\"potentialAction\":[{\"@type\":\"ReadAction\",\"target\":[\"https:\/\/www.abortionpillsinprivate.com\/es\/como-funciona\/\"]}]},{\"@type\":\"ImageObject\",\"inLanguage\":\"es\",\"@id\":\"https:\/\/www.abortionpillsinprivate.com\/es\/como-funciona\/#primaryimage\",\"url\":\"https:\/\/www.abortionpillsinprivate.com\/wp-content\/uploads\/2023\/05\/About-us-banner.png\",\"contentUrl\":\"https:\/\/www.abortionpillsinprivate.com\/wp-content\/uploads\/2023\/05\/About-us-banner.png\"},{\"@type\":\"BreadcrumbList\",\"@id\":\"https:\/\/www.abortionpillsinprivate.com\/es\/como-funciona\/#breadcrumb\",\"itemListElement\":[{\"@type\":\"ListItem\",\"position\":1,\"name\":\"Home\",\"item\":\"https:\/\/www.abortionpillsinprivate.com\/es\/\"},{\"@type\":\"ListItem\",\"position\":2,\"name\":\"C\u00f3mo funciona\"}]},{\"@type\":\"WebSite\",\"@id\":\"https:\/\/www.abortionpillsinprivate.com\/es\/#website\",\"url\":\"https:\/\/www.abortionpillsinprivate.com\/es\/\",\"name\":\"Abortion Pills In Private\",\"description\":\"Online Abortion Care Delivered to Your Doorstep\",\"publisher\":{\"@id\":\"https:\/\/www.abortionpillsinprivate.com\/es\/#organization\"},\"potentialAction\":[{\"@type\":\"SearchAction\",\"target\":{\"@type\":\"EntryPoint\",\"urlTemplate\":\"https:\/\/www.abortionpillsinprivate.com\/es\/?s={search_term_string}\"},\"query-input\":{\"@type\":\"PropertyValueSpecification\",\"valueRequired\":true,\"valueName\":\"search_term_string\"}}],\"inLanguage\":\"es\"},{\"@type\":\"Organization\",\"@id\":\"https:\/\/www.abortionpillsinprivate.com\/es\/#organization\",\"name\":\"Onlinepills\",\"url\":\"https:\/\/www.abortionpillsinprivate.com\/es\/\",\"logo\":{\"@type\":\"ImageObject\",\"inLanguage\":\"es\",\"@id\":\"https:\/\/www.abortionpillsinprivate.com\/es\/#\/schema\/logo\/image\/\",\"url\":\"https:\/\/www.abortionpillsinprivate.com\/wp-content\/uploads\/2023\/07\/logo.svg\",\"contentUrl\":\"https:\/\/www.abortionpillsinprivate.com\/wp-content\/uploads\/2023\/07\/logo.svg\",\"width\":145,\"height\":93,\"caption\":\"Onlinepills\"},\"image\":{\"@id\":\"https:\/\/www.abortionpillsinprivate.com\/es\/#\/schema\/logo\/image\/\"}}]}<\/script>\n<!-- \/ Yoast SEO plugin. -->","yoast_head_json":{"title":"C\u00f3mo funciona | Abortion Pills In Private","description":"Learn how Abortion Pills In Private work from placing the order to receiving the abortion medication package and information on payment.","robots":{"index":"index","follow":"follow","max-snippet":"max-snippet:-1","max-image-preview":"max-image-preview:large","max-video-preview":"max-video-preview:-1"},"canonical":"https:\/\/www.abortionpillsinprivate.com\/es\/como-funciona\/","og_locale":"es_ES","og_type":"article","og_title":"C\u00f3mo funciona | Abortion Pills In Private","og_description":"Learn how Abortion Pills In Private work from placing the order to receiving the abortion medication package and information on payment.","og_url":"https:\/\/www.abortionpillsinprivate.com\/es\/como-funciona\/","og_site_name":"Abortion Pills In Private","article_modified_time":"2026-03-31T11:02:13+00:00","og_image":[{"width":492,"height":251,"url":"https:\/\/www.abortionpillsinprivate.com\/wp-content\/uploads\/2023\/05\/About-us-banner.png","type":"image\/png"}],"twitter_card":"summary_large_image","twitter_misc":{"Tiempo de lectura":"1 minuto"},"schema":{"@context":"https:\/\/schema.org","@graph":[{"@type":"WebPage","@id":"https:\/\/www.abortionpillsinprivate.com\/es\/como-funciona\/","url":"https:\/\/www.abortionpillsinprivate.com\/es\/como-funciona\/","name":"C\u00f3mo funciona | Abortion Pills In Private","isPartOf":{"@id":"https:\/\/www.abortionpillsinprivate.com\/es\/#website"},"primaryImageOfPage":{"@id":"https:\/\/www.abortionpillsinprivate.com\/es\/como-funciona\/#primaryimage"},"image":{"@id":"https:\/\/www.abortionpillsinprivate.com\/es\/como-funciona\/#primaryimage"},"thumbnailUrl":"https:\/\/www.abortionpillsinprivate.com\/wp-content\/uploads\/2023\/05\/About-us-banner.png","datePublished":"2023-05-08T20:05:38+00:00","dateModified":"2026-03-31T11:02:13+00:00","description":"Learn how Abortion Pills In Private work from placing the order to receiving the abortion medication package and information on payment.","breadcrumb":{"@id":"https:\/\/www.abortionpillsinprivate.com\/es\/como-funciona\/#breadcrumb"},"inLanguage":"es","potentialAction":[{"@type":"ReadAction","target":["https:\/\/www.abortionpillsinprivate.com\/es\/como-funciona\/"]}]},{"@type":"ImageObject","inLanguage":"es","@id":"https:\/\/www.abortionpillsinprivate.com\/es\/como-funciona\/#primaryimage","url":"https:\/\/www.abortionpillsinprivate.com\/wp-content\/uploads\/2023\/05\/About-us-banner.png","contentUrl":"https:\/\/www.abortionpillsinprivate.com\/wp-content\/uploads\/2023\/05\/About-us-banner.png"},{"@type":"BreadcrumbList","@id":"https:\/\/www.abortionpillsinprivate.com\/es\/como-funciona\/#breadcrumb","itemListElement":[{"@type":"ListItem","position":1,"name":"Home","item":"https:\/\/www.abortionpillsinprivate.com\/es\/"},{"@type":"ListItem","position":2,"name":"C\u00f3mo funciona"}]},{"@type":"WebSite","@id":"https:\/\/www.abortionpillsinprivate.com\/es\/#website","url":"https:\/\/www.abortionpillsinprivate.com\/es\/","name":"Abortion Pills In Private","description":"Online Abortion Care Delivered to Your Doorstep","publisher":{"@id":"https:\/\/www.abortionpillsinprivate.com\/es\/#organization"},"potentialAction":[{"@type":"SearchAction","target":{"@type":"EntryPoint","urlTemplate":"https:\/\/www.abortionpillsinprivate.com\/es\/?s={search_term_string}"},"query-input":{"@type":"PropertyValueSpecification","valueRequired":true,"valueName":"search_term_string"}}],"inLanguage":"es"},{"@type":"Organization","@id":"https:\/\/www.abortionpillsinprivate.com\/es\/#organization","name":"Onlinepills","url":"https:\/\/www.abortionpillsinprivate.com\/es\/","logo":{"@type":"ImageObject","inLanguage":"es","@id":"https:\/\/www.abortionpillsinprivate.com\/es\/#\/schema\/logo\/image\/","url":"https:\/\/www.abortionpillsinprivate.com\/wp-content\/uploads\/2023\/07\/logo.svg","contentUrl":"https:\/\/www.abortionpillsinprivate.com\/wp-content\/uploads\/2023\/07\/logo.svg","width":145,"height":93,"caption":"Onlinepills"},"image":{"@id":"https:\/\/www.abortionpillsinprivate.com\/es\/#\/schema\/logo\/image\/"}}]}},"_links":{"self":[{"href":"https:\/\/www.abortionpillsinprivate.com\/es\/wp-json\/wp\/v2\/pages\/28115","targetHints":{"allow":["GET"]}}],"collection":[{"href":"https:\/\/www.abortionpillsinprivate.com\/es\/wp-json\/wp\/v2\/pages"}],"about":[{"href":"https:\/\/www.abortionpillsinprivate.com\/es\/wp-json\/wp\/v2\/types\/page"}],"author":[{"embeddable":true,"href":"https:\/\/www.abortionpillsinprivate.com\/es\/wp-json\/wp\/v2\/users\/1"}],"replies":[{"embeddable":true,"href":"https:\/\/www.abortionpillsinprivate.com\/es\/wp-json\/wp\/v2\/comments?post=28115"}],"version-history":[{"count":12,"href":"https:\/\/www.abortionpillsinprivate.com\/es\/wp-json\/wp\/v2\/pages\/28115\/revisions"}],"predecessor-version":[{"id":44830,"href":"https:\/\/www.abortionpillsinprivate.com\/es\/wp-json\/wp\/v2\/pages\/28115\/revisions\/44830"}],"wp:attachment":[{"href":"https:\/\/www.abortionpillsinprivate.com\/es\/wp-json\/wp\/v2\/media?parent=28115"}],"curies":[{"name":"wp","href":"https:\/\/api.w.org\/{rel}","templated":true}]}}