{"id":28182,"date":"2023-11-14T10:47:06","date_gmt":"2023-11-14T18:47:06","guid":{"rendered":"https:\/\/www.abortionpillsinprivate.com\/how-to-use\/"},"modified":"2026-03-25T02:35:28","modified_gmt":"2026-03-25T09:35:28","slug":"como-usarlas","status":"publish","type":"page","link":"https:\/\/www.abortionpillsinprivate.com\/es\/como-usarlas\/","title":{"rendered":"C\u00f3mo usarlas"},"content":{"rendered":"\t\t<div data-elementor-type=\"wp-page\" data-elementor-id=\"28182\" class=\"elementor elementor-28182\">\n\t\t\t\t\t\t<section class=\"elementor-section elementor-top-section elementor-element elementor-element-24ffede elementor-section-content-middle elementor-section-boxed elementor-section-height-default elementor-section-height-default\" data-id=\"24ffede\" data-element_type=\"section\" data-e-type=\"section\">\n\t\t\t\t\t\t<div class=\"elementor-container elementor-column-gap-no\">\n\t\t\t\t\t<div class=\"elementor-column elementor-col-50 elementor-top-column elementor-element elementor-element-8afa1df\" data-id=\"8afa1df\" data-element_type=\"column\" data-e-type=\"column\">\n\t\t\t<div class=\"elementor-widget-wrap elementor-element-populated\">\n\t\t\t\t\t\t<div class=\"elementor-element elementor-element-9c85fe6 elementor-widget elementor-widget-heading\" data-id=\"9c85fe6\" data-element_type=\"widget\" data-e-type=\"widget\" data-widget_type=\"heading.default\">\n\t\t\t\t<div class=\"elementor-widget-container\">\n\t\t\t\t\t<h1 class=\"elementor-heading-title elementor-size-default\">C\u00f3mo usarlas<\/h1>\t\t\t\t<\/div>\n\t\t\t\t<\/div>\n\t\t\t\t<div class=\"elementor-element elementor-element-9377ed0 elementor-widget elementor-widget-text-editor\" data-id=\"9377ed0\" data-element_type=\"widget\" data-e-type=\"widget\" data-widget_type=\"text-editor.default\">\n\t\t\t\t<div class=\"elementor-widget-container\">\n\t\t\t\t\t\t\t\t\tNuestros completos recursos en video ofrecen una gu\u00eda detallada sobre la forma correcta de usar las pastillas, proporcionando instrucciones paso a paso para asegurar una utilizaci\u00f3n segura y efectiva de los kits de pastillas.\t\t\t\t\t\t\t\t<\/div>\n\t\t\t\t<\/div>\n\t\t\t\t<div class=\"elementor-element elementor-element-b691197 elementor-widget elementor-widget-button\" data-id=\"b691197\" data-element_type=\"widget\" data-e-type=\"widget\" data-widget_type=\"button.default\">\n\t\t\t\t<div class=\"elementor-widget-container\">\n\t\t\t\t\t\t\t\t\t<div class=\"elementor-button-wrapper\">\n\t\t\t\t\t<a class=\"elementor-button elementor-button-link elementor-size-xs\" href=\"https:\/\/www.abortionpillsinprivate.com\/es\/order-online\/\">\n\t\t\t\t\t\t<span class=\"elementor-button-content-wrapper\">\n\t\t\t\t\t\t<span class=\"elementor-button-icon\">\n\t\t\t\t<i aria-hidden=\"true\" class=\"fas fa-arrow-right\"><\/i>\t\t\t<\/span>\n\t\t\t\t\t\t\t\t\t<span class=\"elementor-button-text\">Comencemos!<\/span>\n\t\t\t\t\t<\/span>\n\t\t\t\t\t<\/a>\n\t\t\t\t<\/div>\n\t\t\t\t\t\t\t\t<\/div>\n\t\t\t\t<\/div>\n\t\t\t\t\t<\/div>\n\t\t<\/div>\n\t\t\t\t<div class=\"elementor-column elementor-col-50 elementor-top-column elementor-element elementor-element-04ca244\" data-id=\"04ca244\" data-element_type=\"column\" data-e-type=\"column\">\n\t\t\t<div class=\"elementor-widget-wrap elementor-element-populated\">\n\t\t\t\t\t\t<div class=\"elementor-element elementor-element-e9bea8b elementor-widget elementor-widget-image\" data-id=\"e9bea8b\" data-element_type=\"widget\" data-e-type=\"widget\" data-widget_type=\"image.default\">\n\t\t\t\t<div class=\"elementor-widget-container\">\n\t\t\t\t\t\t\t\t\t\t\t\t\t\t\t<img fetchpriority=\"high\" decoding=\"async\" width=\"492\" height=\"251\" src=\"https:\/\/www.abortionpillsinprivate.com\/wp-content\/uploads\/2023\/05\/About-us-banner.png\" class=\"attachment-full size-full wp-image-21448\" alt=\"\" srcset=\"https:\/\/www.abortionpillsinprivate.com\/wp-content\/uploads\/2023\/05\/About-us-banner.png 492w, https:\/\/www.abortionpillsinprivate.com\/wp-content\/uploads\/2023\/05\/About-us-banner-300x153.png 300w\" sizes=\"(max-width: 492px) 100vw, 492px\" \/>\t\t\t\t\t\t\t\t\t\t\t\t\t\t\t<\/div>\n\t\t\t\t<\/div>\n\t\t\t\t\t<\/div>\n\t\t<\/div>\n\t\t\t\t\t<\/div>\n\t\t<\/section>\n\t\t\t\t<section class=\"elementor-section elementor-top-section elementor-element elementor-element-7585f9c elementor-section-boxed elementor-section-height-default elementor-section-height-default\" data-id=\"7585f9c\" data-element_type=\"section\" data-e-type=\"section\">\n\t\t\t\t\t\t<div class=\"elementor-container elementor-column-gap-default\">\n\t\t\t\t\t<div class=\"elementor-column elementor-col-50 elementor-top-column elementor-element elementor-element-bfb8c86\" data-id=\"bfb8c86\" data-element_type=\"column\" data-e-type=\"column\">\n\t\t\t<div class=\"elementor-widget-wrap elementor-element-populated\">\n\t\t\t\t\t\t<div class=\"elementor-element elementor-element-48cd090 elementor-widget elementor-widget-text-editor\" data-id=\"48cd090\" data-element_type=\"widget\" data-e-type=\"widget\" data-widget_type=\"text-editor.default\">\n\t\t\t\t<div class=\"elementor-widget-container\">\n\t\t\t\t\t\t\t\t\t<p>Para consultas adicionales y un enfoque m\u00e1s personalizado, recomendamos explorar nuestra secci\u00f3n de <a href=\"https:\/\/www.abortionpillsinprivate.com\/es\/preguntas-frecuentes\/\">Preguntas frecuentes (FAQ)<\/a>. Aqu\u00ed, puedes encontrar respuestas detalladas a preguntas comunes relacionadas con el uso de las pastillas, abordando inquietudes y proporcionando claridad sobre el proceso.<\/p><p>Si necesitas m\u00e1s ayuda o tienes preocupaciones espec\u00edficas, nuestro dedicado equipo de soporte est\u00e1 disponible para ayudarte. Cont\u00e1ctanos por correo electr\u00f3nico en <a href=\"mailto:info@abortionpillsinprivate.com\">info@abortionpillsinprivate.com<\/a>, y nuestro equipo de expertos responder\u00e1 de manera oportuna para brindar apoyo y orientaci\u00f3n adaptados a tus necesidades.<\/p><p>En AbortionPillsInPrivate.com priorizamos el bienestar y la seguridad de nuestros usuarias, y nuestros recursos est\u00e1n dise\u00f1ados para asegurar una experiencia confidencial, informada y de apoyo durante todo el proceso de utilizaci\u00f3n de las pastillas.<\/p>\t\t\t\t\t\t\t\t<\/div>\n\t\t\t\t<\/div>\n\t\t\t\t<div class=\"elementor-element elementor-element-22c8914 elementor-widget elementor-widget-text-editor\" data-id=\"22c8914\" data-element_type=\"widget\" data-e-type=\"widget\" data-widget_type=\"text-editor.default\">\n\t\t\t\t<div class=\"elementor-widget-container\">\n\t\t\t\t\t\t\t\t\t<h5>Learn how to use abortion pills with comprehensive video guides and infographic instructions.<\/h5>\t\t\t\t\t\t\t\t<\/div>\n\t\t\t\t<\/div>\n\t\t\t\t<div class=\"elementor-element elementor-element-4272af5 elementor-widget elementor-widget-button\" data-id=\"4272af5\" data-element_type=\"widget\" data-e-type=\"widget\" data-widget_type=\"button.default\">\n\t\t\t\t<div class=\"elementor-widget-container\">\n\t\t\t\t\t\t\t\t\t<div class=\"elementor-button-wrapper\">\n\t\t\t\t\t<a class=\"elementor-button elementor-button-link elementor-size-sm\" href=\"https:\/\/www.abortionpillsinprivate.com\/wp-content\/uploads\/2024\/05\/How-to-Use-Pill.pdf\" target=\"_blank\">\n\t\t\t\t\t\t<span class=\"elementor-button-content-wrapper\">\n\t\t\t\t\t\t\t\t\t<span class=\"elementor-button-text\">Click To View<\/span>\n\t\t\t\t\t<\/span>\n\t\t\t\t\t<\/a>\n\t\t\t\t<\/div>\n\t\t\t\t\t\t\t\t<\/div>\n\t\t\t\t<\/div>\n\t\t\t\t\t<\/div>\n\t\t<\/div>\n\t\t\t\t<div class=\"elementor-column elementor-col-50 elementor-top-column elementor-element elementor-element-4a966a0\" data-id=\"4a966a0\" data-element_type=\"column\" data-e-type=\"column\">\n\t\t\t<div class=\"elementor-widget-wrap elementor-element-populated\">\n\t\t\t\t\t\t<div class=\"elementor-element elementor-element-1ba442d elementor-widget elementor-widget-heading\" data-id=\"1ba442d\" data-element_type=\"widget\" data-e-type=\"widget\" data-widget_type=\"heading.default\">\n\t\t\t\t<div class=\"elementor-widget-container\">\n\t\t\t\t\t<h5 class=\"elementor-heading-title elementor-size-default\">Video: How to use abortion pills<\/h5>\t\t\t\t<\/div>\n\t\t\t\t<\/div>\n\t\t\t\t<div class=\"elementor-element elementor-element-1a34876 elementor-widget elementor-widget-video\" data-id=\"1a34876\" data-element_type=\"widget\" data-e-type=\"widget\" data-settings=\"{&quot;video_type&quot;:&quot;hosted&quot;,&quot;controls&quot;:&quot;yes&quot;}\" data-widget_type=\"video.default\">\n\t\t\t\t<div class=\"elementor-widget-container\">\n\t\t\t\t\t\t\t<div class=\"e-hosted-video elementor-wrapper elementor-open-inline\">\n\t\t\t\t\t<video class=\"elementor-video\" src=\"https:\/\/www.abortionpillsinprivate.com\/wp-content\/uploads\/2024\/04\/PillsInPvt_v9.mp4\" controls=\"\" preload=\"metadata\" controlsList=\"nodownload\" poster=\"https:\/\/www.abortionpillsinprivate.com\/wp-content\/uploads\/2023\/04\/during-abortion5.jpg\"><\/video>\n\t\t\t\t<\/div>\n\t\t\t\t\t\t<\/div>\n\t\t\t\t<\/div>\n\t\t\t\t\t<\/div>\n\t\t<\/div>\n\t\t\t\t\t<\/div>\n\t\t<\/section>\n\t\t\t\t<\/div>\n\t\t","protected":false},"excerpt":{"rendered":"<p>C\u00f3mo usarlas Nuestros completos recursos en video ofrecen una gu\u00eda detallada sobre la forma correcta de usar las pastillas, proporcionando instrucciones paso a paso para asegurar una utilizaci\u00f3n segura y efectiva de los kits de pastillas. Comencemos! Para consultas adicionales y un enfoque m\u00e1s personalizado, recomendamos explorar nuestra secci\u00f3n de Preguntas frecuentes (FAQ). Aqu\u00ed, puedes &#8230;<\/p>\n","protected":false},"author":1,"featured_media":0,"parent":0,"menu_order":0,"comment_status":"closed","ping_status":"closed","template":"elementor_header_footer","meta":{"footnotes":""},"class_list":["post-28182","page","type-page","status-publish","hentry"],"acf":[],"yoast_head":"<!-- This site is optimized with the Yoast SEO plugin v27.2 - https:\/\/yoast.com\/product\/yoast-seo-wordpress\/ -->\n<title>C\u00f3mo utilizar las p\u00edldoras abortivas | AbortionPillsInPrivate<\/title>\n<meta name=\"description\" content=\"Explora los recursos de Abortion Pills In Private para aprender a utilizar las p\u00edldoras abortivas, con una gu\u00eda infogr\u00e1fica paso a paso y un v\u00eddeo instructivo.\" \/>\n<meta name=\"robots\" content=\"index, follow, max-snippet:-1, max-image-preview:large, max-video-preview:-1\" \/>\n<link rel=\"canonical\" href=\"https:\/\/www.abortionpillsinprivate.com\/es\/como-usarlas\/\" \/>\n<meta property=\"og:locale\" content=\"es_ES\" \/>\n<meta property=\"og:type\" content=\"article\" \/>\n<meta property=\"og:title\" content=\"C\u00f3mo utilizar las p\u00edldoras abortivas | AbortionPillsInPrivate\" \/>\n<meta property=\"og:description\" content=\"Explora los recursos de Abortion Pills In Private para aprender a utilizar las p\u00edldoras abortivas, con una gu\u00eda infogr\u00e1fica paso a paso y un v\u00eddeo instructivo.\" \/>\n<meta property=\"og:url\" content=\"https:\/\/www.abortionpillsinprivate.com\/es\/como-usarlas\/\" \/>\n<meta property=\"og:site_name\" content=\"Abortion Pills In Private\" \/>\n<meta property=\"article:modified_time\" content=\"2026-03-25T09:35:28+00:00\" \/>\n<meta property=\"og:image\" content=\"https:\/\/www.abortionpillsinprivate.com\/wp-content\/uploads\/2023\/05\/About-us-banner.png\" \/>\n\t<meta property=\"og:image:width\" content=\"492\" \/>\n\t<meta property=\"og:image:height\" content=\"251\" \/>\n\t<meta property=\"og:image:type\" content=\"image\/png\" \/>\n<meta name=\"twitter:card\" content=\"summary_large_image\" \/>\n<meta name=\"twitter:label1\" content=\"Tiempo de lectura\" \/>\n\t<meta name=\"twitter:data1\" content=\"1 minuto\" \/>\n<script type=\"application\/ld+json\" class=\"yoast-schema-graph\">{\"@context\":\"https:\/\/schema.org\",\"@graph\":[{\"@type\":\"WebPage\",\"@id\":\"https:\/\/www.abortionpillsinprivate.com\/es\/como-usarlas\/\",\"url\":\"https:\/\/www.abortionpillsinprivate.com\/es\/como-usarlas\/\",\"name\":\"C\u00f3mo utilizar las p\u00edldoras abortivas | AbortionPillsInPrivate\",\"isPartOf\":{\"@id\":\"https:\/\/www.abortionpillsinprivate.com\/es\/#website\"},\"primaryImageOfPage\":{\"@id\":\"https:\/\/www.abortionpillsinprivate.com\/es\/como-usarlas\/#primaryimage\"},\"image\":{\"@id\":\"https:\/\/www.abortionpillsinprivate.com\/es\/como-usarlas\/#primaryimage\"},\"thumbnailUrl\":\"https:\/\/www.abortionpillsinprivate.com\/wp-content\/uploads\/2023\/05\/About-us-banner.png\",\"datePublished\":\"2023-11-14T18:47:06+00:00\",\"dateModified\":\"2026-03-25T09:35:28+00:00\",\"description\":\"Explora los recursos de Abortion Pills In Private para aprender a utilizar las p\u00edldoras abortivas, con una gu\u00eda infogr\u00e1fica paso a paso y un v\u00eddeo instructivo.\",\"breadcrumb\":{\"@id\":\"https:\/\/www.abortionpillsinprivate.com\/es\/como-usarlas\/#breadcrumb\"},\"inLanguage\":\"es\",\"potentialAction\":[{\"@type\":\"ReadAction\",\"target\":[\"https:\/\/www.abortionpillsinprivate.com\/es\/como-usarlas\/\"]}]},{\"@type\":\"ImageObject\",\"inLanguage\":\"es\",\"@id\":\"https:\/\/www.abortionpillsinprivate.com\/es\/como-usarlas\/#primaryimage\",\"url\":\"https:\/\/www.abortionpillsinprivate.com\/wp-content\/uploads\/2023\/05\/About-us-banner.png\",\"contentUrl\":\"https:\/\/www.abortionpillsinprivate.com\/wp-content\/uploads\/2023\/05\/About-us-banner.png\"},{\"@type\":\"BreadcrumbList\",\"@id\":\"https:\/\/www.abortionpillsinprivate.com\/es\/como-usarlas\/#breadcrumb\",\"itemListElement\":[{\"@type\":\"ListItem\",\"position\":1,\"name\":\"Home\",\"item\":\"https:\/\/www.abortionpillsinprivate.com\/es\/\"},{\"@type\":\"ListItem\",\"position\":2,\"name\":\"C\u00f3mo usarlas\"}]},{\"@type\":\"WebSite\",\"@id\":\"https:\/\/www.abortionpillsinprivate.com\/es\/#website\",\"url\":\"https:\/\/www.abortionpillsinprivate.com\/es\/\",\"name\":\"Abortion Pills In Private\",\"description\":\"Online Abortion Care Delivered to Your Doorstep\",\"publisher\":{\"@id\":\"https:\/\/www.abortionpillsinprivate.com\/es\/#organization\"},\"potentialAction\":[{\"@type\":\"SearchAction\",\"target\":{\"@type\":\"EntryPoint\",\"urlTemplate\":\"https:\/\/www.abortionpillsinprivate.com\/es\/?s={search_term_string}\"},\"query-input\":{\"@type\":\"PropertyValueSpecification\",\"valueRequired\":true,\"valueName\":\"search_term_string\"}}],\"inLanguage\":\"es\"},{\"@type\":\"Organization\",\"@id\":\"https:\/\/www.abortionpillsinprivate.com\/es\/#organization\",\"name\":\"Onlinepills\",\"url\":\"https:\/\/www.abortionpillsinprivate.com\/es\/\",\"logo\":{\"@type\":\"ImageObject\",\"inLanguage\":\"es\",\"@id\":\"https:\/\/www.abortionpillsinprivate.com\/es\/#\/schema\/logo\/image\/\",\"url\":\"https:\/\/www.abortionpillsinprivate.com\/wp-content\/uploads\/2023\/07\/logo.svg\",\"contentUrl\":\"https:\/\/www.abortionpillsinprivate.com\/wp-content\/uploads\/2023\/07\/logo.svg\",\"width\":145,\"height\":93,\"caption\":\"Onlinepills\"},\"image\":{\"@id\":\"https:\/\/www.abortionpillsinprivate.com\/es\/#\/schema\/logo\/image\/\"}}]}<\/script>\n<!-- \/ Yoast SEO plugin. -->","yoast_head_json":{"title":"C\u00f3mo utilizar las p\u00edldoras abortivas | AbortionPillsInPrivate","description":"Explora los recursos de Abortion Pills In Private para aprender a utilizar las p\u00edldoras abortivas, con una gu\u00eda infogr\u00e1fica paso a paso y un v\u00eddeo instructivo.","robots":{"index":"index","follow":"follow","max-snippet":"max-snippet:-1","max-image-preview":"max-image-preview:large","max-video-preview":"max-video-preview:-1"},"canonical":"https:\/\/www.abortionpillsinprivate.com\/es\/como-usarlas\/","og_locale":"es_ES","og_type":"article","og_title":"C\u00f3mo utilizar las p\u00edldoras abortivas | AbortionPillsInPrivate","og_description":"Explora los recursos de Abortion Pills In Private para aprender a utilizar las p\u00edldoras abortivas, con una gu\u00eda infogr\u00e1fica paso a paso y un v\u00eddeo instructivo.","og_url":"https:\/\/www.abortionpillsinprivate.com\/es\/como-usarlas\/","og_site_name":"Abortion Pills In Private","article_modified_time":"2026-03-25T09:35:28+00:00","og_image":[{"width":492,"height":251,"url":"https:\/\/www.abortionpillsinprivate.com\/wp-content\/uploads\/2023\/05\/About-us-banner.png","type":"image\/png"}],"twitter_card":"summary_large_image","twitter_misc":{"Tiempo de lectura":"1 minuto"},"schema":{"@context":"https:\/\/schema.org","@graph":[{"@type":"WebPage","@id":"https:\/\/www.abortionpillsinprivate.com\/es\/como-usarlas\/","url":"https:\/\/www.abortionpillsinprivate.com\/es\/como-usarlas\/","name":"C\u00f3mo utilizar las p\u00edldoras abortivas | AbortionPillsInPrivate","isPartOf":{"@id":"https:\/\/www.abortionpillsinprivate.com\/es\/#website"},"primaryImageOfPage":{"@id":"https:\/\/www.abortionpillsinprivate.com\/es\/como-usarlas\/#primaryimage"},"image":{"@id":"https:\/\/www.abortionpillsinprivate.com\/es\/como-usarlas\/#primaryimage"},"thumbnailUrl":"https:\/\/www.abortionpillsinprivate.com\/wp-content\/uploads\/2023\/05\/About-us-banner.png","datePublished":"2023-11-14T18:47:06+00:00","dateModified":"2026-03-25T09:35:28+00:00","description":"Explora los recursos de Abortion Pills In Private para aprender a utilizar las p\u00edldoras abortivas, con una gu\u00eda infogr\u00e1fica paso a paso y un v\u00eddeo instructivo.","breadcrumb":{"@id":"https:\/\/www.abortionpillsinprivate.com\/es\/como-usarlas\/#breadcrumb"},"inLanguage":"es","potentialAction":[{"@type":"ReadAction","target":["https:\/\/www.abortionpillsinprivate.com\/es\/como-usarlas\/"]}]},{"@type":"ImageObject","inLanguage":"es","@id":"https:\/\/www.abortionpillsinprivate.com\/es\/como-usarlas\/#primaryimage","url":"https:\/\/www.abortionpillsinprivate.com\/wp-content\/uploads\/2023\/05\/About-us-banner.png","contentUrl":"https:\/\/www.abortionpillsinprivate.com\/wp-content\/uploads\/2023\/05\/About-us-banner.png"},{"@type":"BreadcrumbList","@id":"https:\/\/www.abortionpillsinprivate.com\/es\/como-usarlas\/#breadcrumb","itemListElement":[{"@type":"ListItem","position":1,"name":"Home","item":"https:\/\/www.abortionpillsinprivate.com\/es\/"},{"@type":"ListItem","position":2,"name":"C\u00f3mo usarlas"}]},{"@type":"WebSite","@id":"https:\/\/www.abortionpillsinprivate.com\/es\/#website","url":"https:\/\/www.abortionpillsinprivate.com\/es\/","name":"Abortion Pills In Private","description":"Online Abortion Care Delivered to Your Doorstep","publisher":{"@id":"https:\/\/www.abortionpillsinprivate.com\/es\/#organization"},"potentialAction":[{"@type":"SearchAction","target":{"@type":"EntryPoint","urlTemplate":"https:\/\/www.abortionpillsinprivate.com\/es\/?s={search_term_string}"},"query-input":{"@type":"PropertyValueSpecification","valueRequired":true,"valueName":"search_term_string"}}],"inLanguage":"es"},{"@type":"Organization","@id":"https:\/\/www.abortionpillsinprivate.com\/es\/#organization","name":"Onlinepills","url":"https:\/\/www.abortionpillsinprivate.com\/es\/","logo":{"@type":"ImageObject","inLanguage":"es","@id":"https:\/\/www.abortionpillsinprivate.com\/es\/#\/schema\/logo\/image\/","url":"https:\/\/www.abortionpillsinprivate.com\/wp-content\/uploads\/2023\/07\/logo.svg","contentUrl":"https:\/\/www.abortionpillsinprivate.com\/wp-content\/uploads\/2023\/07\/logo.svg","width":145,"height":93,"caption":"Onlinepills"},"image":{"@id":"https:\/\/www.abortionpillsinprivate.com\/es\/#\/schema\/logo\/image\/"}}]}},"_links":{"self":[{"href":"https:\/\/www.abortionpillsinprivate.com\/es\/wp-json\/wp\/v2\/pages\/28182","targetHints":{"allow":["GET"]}}],"collection":[{"href":"https:\/\/www.abortionpillsinprivate.com\/es\/wp-json\/wp\/v2\/pages"}],"about":[{"href":"https:\/\/www.abortionpillsinprivate.com\/es\/wp-json\/wp\/v2\/types\/page"}],"author":[{"embeddable":true,"href":"https:\/\/www.abortionpillsinprivate.com\/es\/wp-json\/wp\/v2\/users\/1"}],"replies":[{"embeddable":true,"href":"https:\/\/www.abortionpillsinprivate.com\/es\/wp-json\/wp\/v2\/comments?post=28182"}],"version-history":[{"count":0,"href":"https:\/\/www.abortionpillsinprivate.com\/es\/wp-json\/wp\/v2\/pages\/28182\/revisions"}],"wp:attachment":[{"href":"https:\/\/www.abortionpillsinprivate.com\/es\/wp-json\/wp\/v2\/media?parent=28182"}],"curies":[{"name":"wp","href":"https:\/\/api.w.org\/{rel}","templated":true}]}}