{"id":28350,"date":"2023-07-28T13:52:23","date_gmt":"2023-07-28T20:52:23","guid":{"rendered":"https:\/\/www.abortionpillsinprivate.com\/hippa-policy\/"},"modified":"2026-03-31T04:15:13","modified_gmt":"2026-03-31T11:15:13","slug":"politica-hipaa","status":"publish","type":"page","link":"https:\/\/www.abortionpillsinprivate.com\/es\/politica-hipaa\/","title":{"rendered":"Pol\u00edtica HIPAA"},"content":{"rendered":"\t\t<div data-elementor-type=\"wp-page\" data-elementor-id=\"28350\" class=\"elementor elementor-28350\">\n\t\t\t\t\t\t<section class=\"elementor-section elementor-top-section elementor-element elementor-element-18ad66d7 elementor-section-boxed elementor-section-height-default elementor-section-height-default\" data-id=\"18ad66d7\" data-element_type=\"section\" data-e-type=\"section\">\n\t\t\t\t\t\t<div class=\"elementor-container elementor-column-gap-default\">\n\t\t\t\t\t<div class=\"elementor-column elementor-col-50 elementor-top-column elementor-element elementor-element-256e4dee\" data-id=\"256e4dee\" data-element_type=\"column\" data-e-type=\"column\">\n\t\t\t<div class=\"elementor-widget-wrap elementor-element-populated\">\n\t\t\t\t\t\t<div class=\"elementor-element elementor-element-502f99e elementor-widget elementor-widget-heading\" data-id=\"502f99e\" data-element_type=\"widget\" data-e-type=\"widget\" data-widget_type=\"heading.default\">\n\t\t\t\t<div class=\"elementor-widget-container\">\n\t\t\t\t\t<h1 class=\"elementor-heading-title elementor-size-default\">Pol\u00edtica HIPAA \u2013 Protecci\u00f3n de Datos M\u00e9dicos Personales<\/h1>\t\t\t\t<\/div>\n\t\t\t\t<\/div>\n\t\t\t\t<div class=\"elementor-element elementor-element-6a6d958d elementor-widget elementor-widget-text-editor\" data-id=\"6a6d958d\" data-element_type=\"widget\" data-e-type=\"widget\" data-widget_type=\"text-editor.default\">\n\t\t\t\t<div class=\"elementor-widget-container\">\n\t\t\t\t\t\t\t\t\t<p>Lea atentamente estas Condiciones antes de utilizar nuestros servicios. Al acceder o utilizar el sitio web o los servicios de <strong>\u00abAbortion Pills In Private\u00bb<\/strong>, reconoce y acepta quedar vinculado por estas Condiciones.<\/p>\t\t\t\t\t\t\t\t<\/div>\n\t\t\t\t<\/div>\n\t\t\t\t<div class=\"elementor-element elementor-element-2776b73 elementor-hidden-desktop elementor-hidden-tablet elementor-hidden-mobile elementor-widget elementor-widget-button\" data-id=\"2776b73\" data-element_type=\"widget\" data-e-type=\"widget\" data-widget_type=\"button.default\">\n\t\t\t\t<div class=\"elementor-widget-container\">\n\t\t\t\t\t\t\t\t\t<div class=\"elementor-button-wrapper\">\n\t\t\t\t\t<a class=\"elementor-button elementor-button-link elementor-size-xs\" href=\"https:\/\/www.abortionpillsinprivate.com\/order-online\/\">\n\t\t\t\t\t\t<span class=\"elementor-button-content-wrapper\">\n\t\t\t\t\t\t<span class=\"elementor-button-icon\">\n\t\t\t\t<i aria-hidden=\"true\" class=\"fas fa-arrow-right\"><\/i>\t\t\t<\/span>\n\t\t\t\t\t\t\t\t\t<span class=\"elementor-button-text\">Get Started<\/span>\n\t\t\t\t\t<\/span>\n\t\t\t\t\t<\/a>\n\t\t\t\t<\/div>\n\t\t\t\t\t\t\t\t<\/div>\n\t\t\t\t<\/div>\n\t\t\t\t\t<\/div>\n\t\t<\/div>\n\t\t\t\t<div class=\"elementor-column elementor-col-50 elementor-top-column elementor-element elementor-element-1828652c\" data-id=\"1828652c\" data-element_type=\"column\" data-e-type=\"column\">\n\t\t\t<div class=\"elementor-widget-wrap elementor-element-populated\">\n\t\t\t\t\t\t<div class=\"elementor-element elementor-element-61e2c0d9 elementor-widget elementor-widget-image\" data-id=\"61e2c0d9\" data-element_type=\"widget\" data-e-type=\"widget\" data-widget_type=\"image.default\">\n\t\t\t\t<div class=\"elementor-widget-container\">\n\t\t\t\t\t\t\t\t\t\t\t\t\t\t\t<img fetchpriority=\"high\" decoding=\"async\" width=\"492\" height=\"251\" src=\"https:\/\/www.abortionpillsinprivate.com\/wp-content\/uploads\/2023\/05\/How-it-works-banner.png\" class=\"attachment-full size-full wp-image-21311\" alt=\"\" srcset=\"https:\/\/www.abortionpillsinprivate.com\/wp-content\/uploads\/2023\/05\/How-it-works-banner.png 492w, https:\/\/www.abortionpillsinprivate.com\/wp-content\/uploads\/2023\/05\/How-it-works-banner-300x153.png 300w\" sizes=\"(max-width: 492px) 100vw, 492px\" \/>\t\t\t\t\t\t\t\t\t\t\t\t\t\t\t<\/div>\n\t\t\t\t<\/div>\n\t\t\t\t\t<\/div>\n\t\t<\/div>\n\t\t\t\t\t<\/div>\n\t\t<\/section>\n\t\t\t\t<section class=\"elementor-section elementor-top-section elementor-element elementor-element-40a14c8 elementor-section-boxed elementor-section-height-default elementor-section-height-default\" data-id=\"40a14c8\" data-element_type=\"section\" data-e-type=\"section\">\n\t\t\t\t\t\t<div class=\"elementor-container elementor-column-gap-default\">\n\t\t\t\t\t<div class=\"elementor-column elementor-col-100 elementor-top-column elementor-element elementor-element-86f32c4\" data-id=\"86f32c4\" data-element_type=\"column\" data-e-type=\"column\">\n\t\t\t<div class=\"elementor-widget-wrap elementor-element-populated\">\n\t\t\t\t\t\t<div class=\"elementor-element elementor-element-64500a7 elementor-widget elementor-widget-text-editor\" data-id=\"64500a7\" data-element_type=\"widget\" data-e-type=\"widget\" data-widget_type=\"text-editor.default\">\n\t\t\t\t<div class=\"elementor-widget-container\">\n\t\t\t\t\t\t\t\t\t<h5>1. Definici\u00f3n de t\u00e9rminos<\/h5><ul><li><strong>\u00abAbortion Pills In Private\u00bb<\/strong> se refiere a nuestra empresa, su sitio web y los servicios que ofrecemos.<\/li><li>\u00abServicios\u00bb engloba cualquier funcionalidad, caracter\u00edstica o contenido ofrecido por <strong>\u00abAbortion Pills In Private\u00bb<\/strong> relacionado con el manejo de PHI e informaci\u00f3n sanitaria, cumplimiento de la HIPAA.<\/li><\/ul><p><strong>\u00abAbortion Pills In Private\u00bb<\/strong> se compromete a proteger la privacidad y seguridad de la PHI y a mantener el cumplimiento de la HIPAA y otras leyes de protecci\u00f3n de datos aplicables. Tomamos todas las medidas necesarias para garantizar la confidencialidad e integridad de la PHI durante su recogida, transmisi\u00f3n, almacenamiento y eliminaci\u00f3n.<\/p><h5>2. Obligaciones del usuario<\/h5><p>Al utilizar los servicios de <strong>\u00abAbortion Pills In Private\u00bb<\/strong>, usted se compromete a:<br \/>a) Proporcionar informaci\u00f3n exacta: Usted es responsable de proporcionar informaci\u00f3n precisa y actualizada cuando utilice nuestros servicios, especialmente cuando se trate de informaci\u00f3n m\u00e9dica protegida.<br \/>b) Uso autorizado: solo puede acceder a nuestros servicios y utilizarlos para fines legales y leg\u00edtimos relacionados con su funci\u00f3n como proveedor de servicios sanitarios, paciente u otra parte autorizada.<br \/>c) Confidencialidad: Como usuario, debe mantener la confidencialidad de sus credenciales de inicio de sesi\u00f3n y de cualquier PHI a la que acceda a trav\u00e9s de nuestros servicios.<br \/>d) Cumplimiento de la legislaci\u00f3n: Usted se compromete a cumplir con todas las leyes, reglamentos y normas de la industria relacionadas con el uso y manejo de la PHI, incluyendo HIPAA.<\/p><h5>3. Uso y divulgaci\u00f3n de la PHI<\/h5><p><strong>\u00abAbortion Pills In Private\u00bb<\/strong> maneja la PHI de acuerdo con la Regla de Privacidad de la HIPAA. Utilizaremos la PHI s\u00f3lo seg\u00fan sea necesario para prestar nuestros servicios o seg\u00fan lo permitan las leyes aplicables. No divulgamos la PHI a terceros, excepto seg\u00fan lo exija o permita la ley o con su autorizaci\u00f3n expl\u00edcita.<\/p><h5>4. Seguridad de los datos<\/h5><p><strong>\u00abAbortion Pills In Private\u00bb<\/strong> emplea medidas de seguridad est\u00e1ndar del sector para proteger la PHI frente al acceso, la divulgaci\u00f3n, la alteraci\u00f3n o la destrucci\u00f3n no autorizados. Sin embargo, ning\u00fan sistema es completamente seguro, y no podemos garantizar la seguridad absoluta de su informaci\u00f3n.<\/p><h5>5. Acuerdo de socio comercial (BAA)<\/h5><p>Si usted es una entidad cubierta o un asociado comercial en virtud de la HIPAA, debe suscribir un Acuerdo de Asociado Comercial (BAA) independiente con [Nombre de su empresa] antes de utilizar nuestros servicios para cumplir plenamente los requisitos de la HIPAA.<\/p><h5>6. Descargo de responsabilidad<\/h5><p><strong>\u00abAbortion Pills In Private\u00bb<\/strong> proporciona sus servicios \u00abtal cual\u00bb y renuncia a cualquier garant\u00eda o representaci\u00f3n, ya sea expresa o impl\u00edcita, con respecto a la exactitud, fiabilidad o integridad de la informaci\u00f3n en nuestro sitio web o servicios. No nos hacemos responsables de los da\u00f1os, p\u00e9rdidas o lesiones resultantes del uso de nuestros servicios.<\/p><h5>7. Modificaciones de las Condiciones<\/h5><p>Nos reservamos el derecho a modificar estas Condiciones en cualquier momento sin previo aviso. Cualquier cambio ser\u00e1 efectivo inmediatamente despu\u00e9s de su publicaci\u00f3n en esta p\u00e1gina. Es su responsabilidad revisar estas Condiciones peri\u00f3dicamente para conocer cualquier actualizaci\u00f3n.<\/p><h5>8. Informaci\u00f3n de contacto<\/h5><p>Si tiene alguna pregunta, duda o consulta relacionada con nuestras Condiciones de uso o con el cumplimiento de la HIPAA, p\u00f3ngase en contacto con nosotros en: <a href=\"mailto:info@abortionpillsinprivate.com\">info@abortionpillsinprivate.com<\/a>.<\/p><p>Al utilizar los servicios de <strong>\u00abAbortion Pills In Private\u00bb<\/strong>, usted reconoce que ha le\u00eddo, comprendido y aceptado estas Condiciones de uso y nuestras pol\u00edticas de cumplimiento de la HIPAA.<\/p>\t\t\t\t\t\t\t\t<\/div>\n\t\t\t\t<\/div>\n\t\t\t\t\t<\/div>\n\t\t<\/div>\n\t\t\t\t\t<\/div>\n\t\t<\/section>\n\t\t\t\t<\/div>\n\t\t","protected":false},"excerpt":{"rendered":"<p>Pol\u00edtica HIPAA \u2013 Protecci\u00f3n de Datos M\u00e9dicos Personales Lea atentamente estas Condiciones antes de utilizar nuestros servicios. Al acceder o utilizar el sitio web o los servicios de \u00abAbortion Pills In Private\u00bb, reconoce y acepta quedar vinculado por estas Condiciones. Get Started 1. Definici\u00f3n de t\u00e9rminos \u00abAbortion Pills In Private\u00bb se refiere a nuestra empresa, &#8230;<\/p>\n","protected":false},"author":1,"featured_media":0,"parent":0,"menu_order":0,"comment_status":"closed","ping_status":"closed","template":"elementor_header_footer","meta":{"footnotes":""},"class_list":["post-28350","page","type-page","status-publish","hentry"],"acf":[],"yoast_head":"<!-- This site is optimized with the Yoast SEO plugin v27.2 - https:\/\/yoast.com\/product\/yoast-seo-wordpress\/ -->\n<title>Pol\u00edtica HIPAA | Abortion Pills In Private<\/title>\n<meta name=\"description\" content=\"Aprenda c\u00f3mo protegemos su informaci\u00f3n de salud y su privacidad cuando solicita pastillas abortivas en l\u00ednea o las recibe por correo.\" \/>\n<meta name=\"robots\" content=\"index, follow, max-snippet:-1, max-image-preview:large, max-video-preview:-1\" \/>\n<link rel=\"canonical\" href=\"https:\/\/www.abortionpillsinprivate.com\/es\/politica-hipaa\/\" \/>\n<meta property=\"og:locale\" content=\"es_ES\" \/>\n<meta property=\"og:type\" content=\"article\" \/>\n<meta property=\"og:title\" content=\"Pol\u00edtica HIPAA | Abortion Pills In Private\" \/>\n<meta property=\"og:description\" content=\"Aprenda c\u00f3mo protegemos su informaci\u00f3n de salud y su privacidad cuando solicita pastillas abortivas en l\u00ednea o las recibe por correo.\" \/>\n<meta property=\"og:url\" content=\"https:\/\/www.abortionpillsinprivate.com\/es\/politica-hipaa\/\" \/>\n<meta property=\"og:site_name\" content=\"Abortion Pills In Private\" \/>\n<meta property=\"article:modified_time\" content=\"2026-03-31T11:15:13+00:00\" \/>\n<meta property=\"og:image\" content=\"https:\/\/www.abortionpillsinprivate.com\/wp-content\/uploads\/2023\/05\/How-it-works-banner.png\" \/>\n\t<meta property=\"og:image:width\" content=\"492\" \/>\n\t<meta property=\"og:image:height\" content=\"251\" \/>\n\t<meta property=\"og:image:type\" content=\"image\/png\" \/>\n<meta name=\"twitter:card\" content=\"summary_large_image\" \/>\n<meta name=\"twitter:label1\" content=\"Tiempo de lectura\" \/>\n\t<meta name=\"twitter:data1\" content=\"3 minutos\" \/>\n<script type=\"application\/ld+json\" class=\"yoast-schema-graph\">{\"@context\":\"https:\/\/schema.org\",\"@graph\":[{\"@type\":\"WebPage\",\"@id\":\"https:\/\/www.abortionpillsinprivate.com\/es\/politica-hipaa\/\",\"url\":\"https:\/\/www.abortionpillsinprivate.com\/es\/politica-hipaa\/\",\"name\":\"Pol\u00edtica HIPAA | Abortion Pills In Private\",\"isPartOf\":{\"@id\":\"https:\/\/www.abortionpillsinprivate.com\/es\/#website\"},\"primaryImageOfPage\":{\"@id\":\"https:\/\/www.abortionpillsinprivate.com\/es\/politica-hipaa\/#primaryimage\"},\"image\":{\"@id\":\"https:\/\/www.abortionpillsinprivate.com\/es\/politica-hipaa\/#primaryimage\"},\"thumbnailUrl\":\"https:\/\/www.abortionpillsinprivate.com\/wp-content\/uploads\/2023\/05\/How-it-works-banner.png\",\"datePublished\":\"2023-07-28T20:52:23+00:00\",\"dateModified\":\"2026-03-31T11:15:13+00:00\",\"description\":\"Aprenda c\u00f3mo protegemos su informaci\u00f3n de salud y su privacidad cuando solicita pastillas abortivas en l\u00ednea o las recibe por correo.\",\"breadcrumb\":{\"@id\":\"https:\/\/www.abortionpillsinprivate.com\/es\/politica-hipaa\/#breadcrumb\"},\"inLanguage\":\"es\",\"potentialAction\":[{\"@type\":\"ReadAction\",\"target\":[\"https:\/\/www.abortionpillsinprivate.com\/es\/politica-hipaa\/\"]}]},{\"@type\":\"ImageObject\",\"inLanguage\":\"es\",\"@id\":\"https:\/\/www.abortionpillsinprivate.com\/es\/politica-hipaa\/#primaryimage\",\"url\":\"https:\/\/www.abortionpillsinprivate.com\/wp-content\/uploads\/2023\/05\/How-it-works-banner.png\",\"contentUrl\":\"https:\/\/www.abortionpillsinprivate.com\/wp-content\/uploads\/2023\/05\/How-it-works-banner.png\"},{\"@type\":\"BreadcrumbList\",\"@id\":\"https:\/\/www.abortionpillsinprivate.com\/es\/politica-hipaa\/#breadcrumb\",\"itemListElement\":[{\"@type\":\"ListItem\",\"position\":1,\"name\":\"Home\",\"item\":\"https:\/\/www.abortionpillsinprivate.com\/es\/\"},{\"@type\":\"ListItem\",\"position\":2,\"name\":\"Pol\u00edtica HIPAA\"}]},{\"@type\":\"WebSite\",\"@id\":\"https:\/\/www.abortionpillsinprivate.com\/es\/#website\",\"url\":\"https:\/\/www.abortionpillsinprivate.com\/es\/\",\"name\":\"Abortion Pills In Private\",\"description\":\"Online Abortion Care Delivered to Your Doorstep\",\"publisher\":{\"@id\":\"https:\/\/www.abortionpillsinprivate.com\/es\/#organization\"},\"potentialAction\":[{\"@type\":\"SearchAction\",\"target\":{\"@type\":\"EntryPoint\",\"urlTemplate\":\"https:\/\/www.abortionpillsinprivate.com\/es\/?s={search_term_string}\"},\"query-input\":{\"@type\":\"PropertyValueSpecification\",\"valueRequired\":true,\"valueName\":\"search_term_string\"}}],\"inLanguage\":\"es\"},{\"@type\":\"Organization\",\"@id\":\"https:\/\/www.abortionpillsinprivate.com\/es\/#organization\",\"name\":\"Onlinepills\",\"url\":\"https:\/\/www.abortionpillsinprivate.com\/es\/\",\"logo\":{\"@type\":\"ImageObject\",\"inLanguage\":\"es\",\"@id\":\"https:\/\/www.abortionpillsinprivate.com\/es\/#\/schema\/logo\/image\/\",\"url\":\"https:\/\/www.abortionpillsinprivate.com\/wp-content\/uploads\/2023\/07\/logo.svg\",\"contentUrl\":\"https:\/\/www.abortionpillsinprivate.com\/wp-content\/uploads\/2023\/07\/logo.svg\",\"width\":145,\"height\":93,\"caption\":\"Onlinepills\"},\"image\":{\"@id\":\"https:\/\/www.abortionpillsinprivate.com\/es\/#\/schema\/logo\/image\/\"}}]}<\/script>\n<!-- \/ Yoast SEO plugin. -->","yoast_head_json":{"title":"Pol\u00edtica HIPAA | Abortion Pills In Private","description":"Aprenda c\u00f3mo protegemos su informaci\u00f3n de salud y su privacidad cuando solicita pastillas abortivas en l\u00ednea o las recibe por correo.","robots":{"index":"index","follow":"follow","max-snippet":"max-snippet:-1","max-image-preview":"max-image-preview:large","max-video-preview":"max-video-preview:-1"},"canonical":"https:\/\/www.abortionpillsinprivate.com\/es\/politica-hipaa\/","og_locale":"es_ES","og_type":"article","og_title":"Pol\u00edtica HIPAA | Abortion Pills In Private","og_description":"Aprenda c\u00f3mo protegemos su informaci\u00f3n de salud y su privacidad cuando solicita pastillas abortivas en l\u00ednea o las recibe por correo.","og_url":"https:\/\/www.abortionpillsinprivate.com\/es\/politica-hipaa\/","og_site_name":"Abortion Pills In Private","article_modified_time":"2026-03-31T11:15:13+00:00","og_image":[{"width":492,"height":251,"url":"https:\/\/www.abortionpillsinprivate.com\/wp-content\/uploads\/2023\/05\/How-it-works-banner.png","type":"image\/png"}],"twitter_card":"summary_large_image","twitter_misc":{"Tiempo de lectura":"3 minutos"},"schema":{"@context":"https:\/\/schema.org","@graph":[{"@type":"WebPage","@id":"https:\/\/www.abortionpillsinprivate.com\/es\/politica-hipaa\/","url":"https:\/\/www.abortionpillsinprivate.com\/es\/politica-hipaa\/","name":"Pol\u00edtica HIPAA | Abortion Pills In Private","isPartOf":{"@id":"https:\/\/www.abortionpillsinprivate.com\/es\/#website"},"primaryImageOfPage":{"@id":"https:\/\/www.abortionpillsinprivate.com\/es\/politica-hipaa\/#primaryimage"},"image":{"@id":"https:\/\/www.abortionpillsinprivate.com\/es\/politica-hipaa\/#primaryimage"},"thumbnailUrl":"https:\/\/www.abortionpillsinprivate.com\/wp-content\/uploads\/2023\/05\/How-it-works-banner.png","datePublished":"2023-07-28T20:52:23+00:00","dateModified":"2026-03-31T11:15:13+00:00","description":"Aprenda c\u00f3mo protegemos su informaci\u00f3n de salud y su privacidad cuando solicita pastillas abortivas en l\u00ednea o las recibe por correo.","breadcrumb":{"@id":"https:\/\/www.abortionpillsinprivate.com\/es\/politica-hipaa\/#breadcrumb"},"inLanguage":"es","potentialAction":[{"@type":"ReadAction","target":["https:\/\/www.abortionpillsinprivate.com\/es\/politica-hipaa\/"]}]},{"@type":"ImageObject","inLanguage":"es","@id":"https:\/\/www.abortionpillsinprivate.com\/es\/politica-hipaa\/#primaryimage","url":"https:\/\/www.abortionpillsinprivate.com\/wp-content\/uploads\/2023\/05\/How-it-works-banner.png","contentUrl":"https:\/\/www.abortionpillsinprivate.com\/wp-content\/uploads\/2023\/05\/How-it-works-banner.png"},{"@type":"BreadcrumbList","@id":"https:\/\/www.abortionpillsinprivate.com\/es\/politica-hipaa\/#breadcrumb","itemListElement":[{"@type":"ListItem","position":1,"name":"Home","item":"https:\/\/www.abortionpillsinprivate.com\/es\/"},{"@type":"ListItem","position":2,"name":"Pol\u00edtica HIPAA"}]},{"@type":"WebSite","@id":"https:\/\/www.abortionpillsinprivate.com\/es\/#website","url":"https:\/\/www.abortionpillsinprivate.com\/es\/","name":"Abortion Pills In Private","description":"Online Abortion Care Delivered to Your Doorstep","publisher":{"@id":"https:\/\/www.abortionpillsinprivate.com\/es\/#organization"},"potentialAction":[{"@type":"SearchAction","target":{"@type":"EntryPoint","urlTemplate":"https:\/\/www.abortionpillsinprivate.com\/es\/?s={search_term_string}"},"query-input":{"@type":"PropertyValueSpecification","valueRequired":true,"valueName":"search_term_string"}}],"inLanguage":"es"},{"@type":"Organization","@id":"https:\/\/www.abortionpillsinprivate.com\/es\/#organization","name":"Onlinepills","url":"https:\/\/www.abortionpillsinprivate.com\/es\/","logo":{"@type":"ImageObject","inLanguage":"es","@id":"https:\/\/www.abortionpillsinprivate.com\/es\/#\/schema\/logo\/image\/","url":"https:\/\/www.abortionpillsinprivate.com\/wp-content\/uploads\/2023\/07\/logo.svg","contentUrl":"https:\/\/www.abortionpillsinprivate.com\/wp-content\/uploads\/2023\/07\/logo.svg","width":145,"height":93,"caption":"Onlinepills"},"image":{"@id":"https:\/\/www.abortionpillsinprivate.com\/es\/#\/schema\/logo\/image\/"}}]}},"_links":{"self":[{"href":"https:\/\/www.abortionpillsinprivate.com\/es\/wp-json\/wp\/v2\/pages\/28350","targetHints":{"allow":["GET"]}}],"collection":[{"href":"https:\/\/www.abortionpillsinprivate.com\/es\/wp-json\/wp\/v2\/pages"}],"about":[{"href":"https:\/\/www.abortionpillsinprivate.com\/es\/wp-json\/wp\/v2\/types\/page"}],"author":[{"embeddable":true,"href":"https:\/\/www.abortionpillsinprivate.com\/es\/wp-json\/wp\/v2\/users\/1"}],"replies":[{"embeddable":true,"href":"https:\/\/www.abortionpillsinprivate.com\/es\/wp-json\/wp\/v2\/comments?post=28350"}],"version-history":[{"count":3,"href":"https:\/\/www.abortionpillsinprivate.com\/es\/wp-json\/wp\/v2\/pages\/28350\/revisions"}],"predecessor-version":[{"id":44842,"href":"https:\/\/www.abortionpillsinprivate.com\/es\/wp-json\/wp\/v2\/pages\/28350\/revisions\/44842"}],"wp:attachment":[{"href":"https:\/\/www.abortionpillsinprivate.com\/es\/wp-json\/wp\/v2\/media?parent=28350"}],"curies":[{"name":"wp","href":"https:\/\/api.w.org\/{rel}","templated":true}]}}